{"id":2158,"date":"2021-07-12T14:40:29","date_gmt":"2021-07-12T12:40:29","guid":{"rendered":"https:\/\/www.eye-track-sport.com\/de\/?page_id=2158"},"modified":"2022-09-16T08:07:51","modified_gmt":"2022-09-16T06:07:51","slug":"safety","status":"publish","type":"page","link":"https:\/\/eye-track-sport.com\/de\/safety\/","title":{"rendered":"SICHERHEIT"},"content":{"rendered":"<div id='av_section_1'  class='avia-section av-av_section-43fa913dbbd7170bb5693496c11aa38b main_color avia-section-large avia-no-border-styling  avia-builder-el-0  el_before_av_one_full  avia-builder-el-first  avia-bg-style-scroll container_wrap sidebar_right'  ><div class='container av-section-cont-open' ><main  role=\"main\" itemprop=\"mainContentOfPage\"  class='template-page content  av-content-small alpha units'><div class='post-entry post-entry-type-page post-entry-2158'><div class='entry-content-wrapper clearfix'>\n\n<style type=\"text\/css\" data-created_by=\"avia_inline_auto\" id=\"style-css-av-av_heading-665305194a0ce769479337961dd4dcec\">\n#top .av-special-heading.av-av_heading-665305194a0ce769479337961dd4dcec{\npadding-bottom:30px;\nfont-size:70px;\n}\nbody .av-special-heading.av-av_heading-665305194a0ce769479337961dd4dcec .av-special-heading-tag .heading-char{\nfont-size:25px;\n}\n#top #wrap_all .av-special-heading.av-av_heading-665305194a0ce769479337961dd4dcec .av-special-heading-tag{\nfont-size:70px;\n}\n.av-special-heading.av-av_heading-665305194a0ce769479337961dd4dcec .av-subheading{\nfont-size:15px;\n}\n\n@media only screen and (min-width: 480px) and (max-width: 767px){ \n#top #wrap_all .av-special-heading.av-av_heading-665305194a0ce769479337961dd4dcec .av-special-heading-tag{\nfont-size:0.8em;\n}\n}\n\n@media only screen and (max-width: 479px){ \n#top #wrap_all .av-special-heading.av-av_heading-665305194a0ce769479337961dd4dcec .av-special-heading-tag{\nfont-size:0.8em;\n}\n}\n<\/style>\n<div  class='av-special-heading av-av_heading-665305194a0ce769479337961dd4dcec av-special-heading-h1 blockquote modern-quote  avia-builder-el-1  el_before_av_one_half  avia-builder-el-first  av-thin-font av-inherit-size'><h1 class='av-special-heading-tag '  itemprop=\"headline\"  >Sicherheits Features<strong>.<\/strong><\/h1><div class=\"special-heading-border\"><div class=\"special-heading-inner-border\"><\/div><\/div><\/div>\n\n<style type=\"text\/css\" data-created_by=\"avia_inline_auto\" id=\"style-css-av-av_one_half-6126cab7d8fab8d08143dd2dacdf673c\">\n.flex_column.av-av_one_half-6126cab7d8fab8d08143dd2dacdf673c{\nborder-radius:0px 0px 0px 0px;\npadding:0px 0px 0px 0px;\n}\n<\/style>\n<div  class='flex_column av-av_one_half-6126cab7d8fab8d08143dd2dacdf673c av_one_half  avia-builder-el-2  el_after_av_heading  el_before_av_one_half  first flex_column_div av-zero-column-padding  '     ><section  class='av_textblock_section av-av_textblock-2de302bf1aa3cf4c9157dbe6f50ac7eb '   itemscope=\"itemscope\" itemtype=\"https:\/\/schema.org\/CreativeWork\" ><div class='avia_textblock'  itemprop=\"text\" ><h4>Ein modulares und erweiterbares System<\/h4>\n<p>Jedes Element des <strong>EYE-TRACK<\/strong> Systems ist so konzipiert, dass es einen Schutz und kein Hindernis auf der Strecke darstellt. Alles besteht aus weichen Schutzmaterialien f\u00fcr den Fall eines Zusammensto\u00dfes mit einem Piloten.<\/p>\n<p>Sie k\u00f6nnen <strong>EYE-TRACK<\/strong> auf Ihrer Strecke installieren, indem Sie sich zu Beginn f\u00fcr eine manuelle Bedienung entscheiden, bei der ein oder mehrere Blinklichter von einem Bediener ferngesteuert werden, der die Strecke visuell \u00fcberwacht.<br \/>\nZu einem sp\u00e4teren Zeitpunkt k\u00f6nnen Sie sich entscheiden, einen oder mehrere Sensoren hinzuzuf\u00fcgen, die bei Gefahr automatisch die mit ihnen verbundenen Blinklichter einschalten.<br \/>\nWenn Sie wollen, k\u00f6nnen Sie auch das Video\u00fcberwachungssystem hinzuf\u00fcgen. Sie k\u00f6nnen jederzeit die Anzahl der abgedeckten toten Winkel erh\u00f6hen, indem Sie einfach zus\u00e4tzliche Blinklichter und Sensoren installieren.<\/p>\n<\/div><\/section><br \/>\n<section  class='av_textblock_section av-av_textblock-2de302bf1aa3cf4c9157dbe6f50ac7eb '   itemscope=\"itemscope\" itemtype=\"https:\/\/schema.org\/CreativeWork\" ><div class='avia_textblock'  itemprop=\"text\" ><p>F\u00fcr den automatischen Betrieb ben\u00f6tigen Sie:<\/p>\n<p>&#8211; einen oder mehrere EYE-TRACK Sensoren, die jeweils an einem toten Winkel (z.B. hinter einem Sprung) der Motocross-Strecke angebracht werden<\/p>\n<p>&#8211; eine Stromversorgung f\u00fcr jeden Sensor (110\/220V Stromnetz, Solar oder Batterie)<\/p>\n<p>&#8211; ein oder mehrere kabelgebundene oder kabellose Blinklichter, die mit den Sensoren verbunden sind<\/p>\n<p>&#8211; einen EYE-TRACK-Router, der das System \u00fcber die EYE-TRACK-App verwaltet und es dem EYE-TRACK-Servicezentrum erm\u00f6glicht, die Sensoren einzurichten und ihre Wartung durchzuf\u00fchren<\/p>\n<\/div><\/section><\/p><\/div>\n<style type=\"text\/css\" data-created_by=\"avia_inline_auto\" id=\"style-css-av-av_one_half-0aa7055fe62c3622faec82866afbaeb2\">\n.flex_column.av-av_one_half-0aa7055fe62c3622faec82866afbaeb2{\nborder-radius:0px 0px 0px 0px;\npadding:0px 0px 0px 0px;\n}\n<\/style>\n<div  class='flex_column av-av_one_half-0aa7055fe62c3622faec82866afbaeb2 av_one_half  avia-builder-el-5  el_after_av_one_half  avia-builder-el-last  flex_column_div av-zero-column-padding  '     ><section  class='av_textblock_section av-av_textblock-2de302bf1aa3cf4c9157dbe6f50ac7eb '   itemscope=\"itemscope\" itemtype=\"https:\/\/schema.org\/CreativeWork\" ><div class='avia_textblock'  itemprop=\"text\" ><p><img fetchpriority=\"high\" decoding=\"async\" class=\"alignnone wp-image-2214 size-large\" src=\"https:\/\/www.eye-track-sport.com\/wp-content\/uploads\/2021\/07\/020_EyeTrack_Cairoli_2021-resized-1030x668.jpg\" alt=\"\" width=\"1030\" height=\"668\" srcset=\"https:\/\/eye-track-sport.com\/wp-content\/uploads\/2021\/07\/020_EyeTrack_Cairoli_2021-resized-1030x668.jpg 1030w, https:\/\/eye-track-sport.com\/wp-content\/uploads\/2021\/07\/020_EyeTrack_Cairoli_2021-resized-300x195.jpg 300w, https:\/\/eye-track-sport.com\/wp-content\/uploads\/2021\/07\/020_EyeTrack_Cairoli_2021-resized-768x498.jpg 768w, https:\/\/eye-track-sport.com\/wp-content\/uploads\/2021\/07\/020_EyeTrack_Cairoli_2021-resized-1536x996.jpg 1536w, https:\/\/eye-track-sport.com\/wp-content\/uploads\/2021\/07\/020_EyeTrack_Cairoli_2021-resized-1500x973.jpg 1500w, https:\/\/eye-track-sport.com\/wp-content\/uploads\/2021\/07\/020_EyeTrack_Cairoli_2021-resized-705x457.jpg 705w, https:\/\/eye-track-sport.com\/wp-content\/uploads\/2021\/07\/020_EyeTrack_Cairoli_2021-resized-450x292.jpg 450w, https:\/\/eye-track-sport.com\/wp-content\/uploads\/2021\/07\/020_EyeTrack_Cairoli_2021-resized.jpg 1600w\" sizes=\"(max-width: 1030px) 100vw, 1030px\" \/><\/p>\n<p class=\"p1\">F\u00fcr den automatischen Betrieb mit Video\u00fcberwachung ben\u00f6tigen Sie eine Station mit einem Monitor, auf dem Sie die Bilder der Strecke in Echtzeit sehen k\u00f6nnen, und eine Nottaste zum Einschalten der Blinklichter.<\/p>\n<\/div><\/section><\/div><\/div><\/div><\/main><!-- close content main element --><\/div><\/div><div id='after_section_1'  class='main_color av_default_container_wrap container_wrap sidebar_right'  ><div class='container av-section-cont-open' ><div class='template-page content  av-content-small alpha units'><div class='post-entry post-entry-type-page post-entry-2158'><div class='entry-content-wrapper clearfix'>\n<style type=\"text\/css\" data-created_by=\"avia_inline_auto\" id=\"style-css-av-av_one_full-15d750bd1b332b34c6e70b077ebbccdf\">\n.flex_column.av-av_one_full-15d750bd1b332b34c6e70b077ebbccdf{\nborder-radius:0px 0px 0px 0px;\npadding:0px 0px 0px 0px;\n}\n<\/style>\n<div  class='flex_column av-av_one_full-15d750bd1b332b34c6e70b077ebbccdf av_one_full  avia-builder-el-7  el_after_av_section  avia-builder-el-no-sibling  first flex_column_div av-zero-column-padding  '     ><\/div><\/p>\n","protected":false},"excerpt":{"rendered":"","protected":false},"author":13,"featured_media":3176,"parent":0,"menu_order":0,"comment_status":"closed","ping_status":"closed","template":"","meta":{"footnotes":""},"class_list":["post-2158","page","type-page","status-publish","has-post-thumbnail","hentry"],"yoast_head":"<!-- This site is optimized with the Yoast SEO plugin v26.8 - https:\/\/yoast.com\/product\/yoast-seo-wordpress\/ -->\n<title>SICHERHEIT<\/title>\n<meta name=\"robots\" content=\"index, follow, max-snippet:-1, max-image-preview:large, max-video-preview:-1\" \/>\n<link rel=\"canonical\" href=\"http:\/\/eye-track-sport.com\/prodotti\/\" \/>\n<meta property=\"og:locale\" content=\"de_DE\" \/>\n<meta property=\"og:type\" content=\"article\" \/>\n<meta property=\"og:title\" content=\"SICHERHEIT\" \/>\n<meta property=\"og:url\" content=\"http:\/\/eye-track-sport.com\/prodotti\/\" \/>\n<meta property=\"og:site_name\" content=\"EYE-TRACK\" \/>\n<meta property=\"article:modified_time\" content=\"2022-09-16T06:07:51+00:00\" \/>\n<meta property=\"og:image\" content=\"http:\/\/eye-track-sport.com\/wp-content\/uploads\/2021\/07\/020_EyeTrack_Cairoli_2021-resized.jpg\" \/>\n\t<meta property=\"og:image:width\" content=\"1600\" \/>\n\t<meta property=\"og:image:height\" content=\"1038\" \/>\n\t<meta property=\"og:image:type\" content=\"image\/jpeg\" \/>\n<meta name=\"twitter:card\" content=\"summary_large_image\" \/>\n<meta name=\"twitter:label1\" content=\"Gesch\u00e4tzte Lesezeit\" \/>\n\t<meta name=\"twitter:data1\" content=\"3\u00a0Minuten\" \/>\n<script type=\"application\/ld+json\" class=\"yoast-schema-graph\">{\"@context\":\"https:\/\/schema.org\",\"@graph\":[{\"@type\":\"WebPage\",\"@id\":\"http:\/\/eye-track-sport.com\/prodotti\/\",\"url\":\"http:\/\/eye-track-sport.com\/prodotti\/\",\"name\":\"SICHERHEIT\",\"isPartOf\":{\"@id\":\"https:\/\/eye-track-sport.com\/en\/#website\"},\"primaryImageOfPage\":{\"@id\":\"http:\/\/eye-track-sport.com\/prodotti\/#primaryimage\"},\"image\":{\"@id\":\"http:\/\/eye-track-sport.com\/prodotti\/#primaryimage\"},\"thumbnailUrl\":\"https:\/\/eye-track-sport.com\/wp-content\/uploads\/2021\/07\/020_EyeTrack_Cairoli_2021-resized.jpg\",\"datePublished\":\"2021-07-12T12:40:29+00:00\",\"dateModified\":\"2022-09-16T06:07:51+00:00\",\"breadcrumb\":{\"@id\":\"http:\/\/eye-track-sport.com\/prodotti\/#breadcrumb\"},\"inLanguage\":\"de\",\"potentialAction\":[{\"@type\":\"ReadAction\",\"target\":[\"http:\/\/eye-track-sport.com\/prodotti\/\"]}]},{\"@type\":\"ImageObject\",\"inLanguage\":\"de\",\"@id\":\"http:\/\/eye-track-sport.com\/prodotti\/#primaryimage\",\"url\":\"https:\/\/eye-track-sport.com\/wp-content\/uploads\/2021\/07\/020_EyeTrack_Cairoli_2021-resized.jpg\",\"contentUrl\":\"https:\/\/eye-track-sport.com\/wp-content\/uploads\/2021\/07\/020_EyeTrack_Cairoli_2021-resized.jpg\",\"width\":1600,\"height\":1038},{\"@type\":\"BreadcrumbList\",\"@id\":\"http:\/\/eye-track-sport.com\/prodotti\/#breadcrumb\",\"itemListElement\":[{\"@type\":\"ListItem\",\"position\":1,\"name\":\"Home\",\"item\":\"https:\/\/eye-track-sport.com\/de\/welcome\/\"},{\"@type\":\"ListItem\",\"position\":2,\"name\":\"SICHERHEIT\"}]},{\"@type\":\"WebSite\",\"@id\":\"https:\/\/eye-track-sport.com\/en\/#website\",\"url\":\"https:\/\/eye-track-sport.com\/en\/\",\"name\":\"EYE-TRACK\",\"description\":\"artificial intelligence for safety in sport facilities and public areas\",\"potentialAction\":[{\"@type\":\"SearchAction\",\"target\":{\"@type\":\"EntryPoint\",\"urlTemplate\":\"https:\/\/eye-track-sport.com\/en\/?s={search_term_string}\"},\"query-input\":{\"@type\":\"PropertyValueSpecification\",\"valueRequired\":true,\"valueName\":\"search_term_string\"}}],\"inLanguage\":\"de\"}]}<\/script>\n<!-- \/ Yoast SEO plugin. -->","yoast_head_json":{"title":"SICHERHEIT","robots":{"index":"index","follow":"follow","max-snippet":"max-snippet:-1","max-image-preview":"max-image-preview:large","max-video-preview":"max-video-preview:-1"},"canonical":"http:\/\/eye-track-sport.com\/prodotti\/","og_locale":"de_DE","og_type":"article","og_title":"SICHERHEIT","og_url":"http:\/\/eye-track-sport.com\/prodotti\/","og_site_name":"EYE-TRACK","article_modified_time":"2022-09-16T06:07:51+00:00","og_image":[{"width":1600,"height":1038,"url":"http:\/\/eye-track-sport.com\/wp-content\/uploads\/2021\/07\/020_EyeTrack_Cairoli_2021-resized.jpg","type":"image\/jpeg"}],"twitter_card":"summary_large_image","twitter_misc":{"Gesch\u00e4tzte Lesezeit":"3\u00a0Minuten"},"schema":{"@context":"https:\/\/schema.org","@graph":[{"@type":"WebPage","@id":"http:\/\/eye-track-sport.com\/prodotti\/","url":"http:\/\/eye-track-sport.com\/prodotti\/","name":"SICHERHEIT","isPartOf":{"@id":"https:\/\/eye-track-sport.com\/en\/#website"},"primaryImageOfPage":{"@id":"http:\/\/eye-track-sport.com\/prodotti\/#primaryimage"},"image":{"@id":"http:\/\/eye-track-sport.com\/prodotti\/#primaryimage"},"thumbnailUrl":"https:\/\/eye-track-sport.com\/wp-content\/uploads\/2021\/07\/020_EyeTrack_Cairoli_2021-resized.jpg","datePublished":"2021-07-12T12:40:29+00:00","dateModified":"2022-09-16T06:07:51+00:00","breadcrumb":{"@id":"http:\/\/eye-track-sport.com\/prodotti\/#breadcrumb"},"inLanguage":"de","potentialAction":[{"@type":"ReadAction","target":["http:\/\/eye-track-sport.com\/prodotti\/"]}]},{"@type":"ImageObject","inLanguage":"de","@id":"http:\/\/eye-track-sport.com\/prodotti\/#primaryimage","url":"https:\/\/eye-track-sport.com\/wp-content\/uploads\/2021\/07\/020_EyeTrack_Cairoli_2021-resized.jpg","contentUrl":"https:\/\/eye-track-sport.com\/wp-content\/uploads\/2021\/07\/020_EyeTrack_Cairoli_2021-resized.jpg","width":1600,"height":1038},{"@type":"BreadcrumbList","@id":"http:\/\/eye-track-sport.com\/prodotti\/#breadcrumb","itemListElement":[{"@type":"ListItem","position":1,"name":"Home","item":"https:\/\/eye-track-sport.com\/de\/welcome\/"},{"@type":"ListItem","position":2,"name":"SICHERHEIT"}]},{"@type":"WebSite","@id":"https:\/\/eye-track-sport.com\/en\/#website","url":"https:\/\/eye-track-sport.com\/en\/","name":"EYE-TRACK","description":"artificial intelligence for safety in sport facilities and public areas","potentialAction":[{"@type":"SearchAction","target":{"@type":"EntryPoint","urlTemplate":"https:\/\/eye-track-sport.com\/en\/?s={search_term_string}"},"query-input":{"@type":"PropertyValueSpecification","valueRequired":true,"valueName":"search_term_string"}}],"inLanguage":"de"}]}},"_links":{"self":[{"href":"https:\/\/eye-track-sport.com\/de\/wp-json\/wp\/v2\/pages\/2158","targetHints":{"allow":["GET"]}}],"collection":[{"href":"https:\/\/eye-track-sport.com\/de\/wp-json\/wp\/v2\/pages"}],"about":[{"href":"https:\/\/eye-track-sport.com\/de\/wp-json\/wp\/v2\/types\/page"}],"author":[{"embeddable":true,"href":"https:\/\/eye-track-sport.com\/de\/wp-json\/wp\/v2\/users\/13"}],"replies":[{"embeddable":true,"href":"https:\/\/eye-track-sport.com\/de\/wp-json\/wp\/v2\/comments?post=2158"}],"version-history":[{"count":6,"href":"https:\/\/eye-track-sport.com\/de\/wp-json\/wp\/v2\/pages\/2158\/revisions"}],"predecessor-version":[{"id":3983,"href":"https:\/\/eye-track-sport.com\/de\/wp-json\/wp\/v2\/pages\/2158\/revisions\/3983"}],"wp:featuredmedia":[{"embeddable":true,"href":"https:\/\/eye-track-sport.com\/de\/wp-json\/wp\/v2\/media\/3176"}],"wp:attachment":[{"href":"https:\/\/eye-track-sport.com\/de\/wp-json\/wp\/v2\/media?parent=2158"}],"curies":[{"name":"wp","href":"https:\/\/api.w.org\/{rel}","templated":true}]}}