{"id":2161,"date":"2021-07-12T14:40:49","date_gmt":"2021-07-12T12:40:49","guid":{"rendered":"https:\/\/www.eye-track-sport.com\/de\/?page_id=2161"},"modified":"2022-09-16T08:08:14","modified_gmt":"2022-09-16T06:08:14","slug":"why","status":"publish","type":"page","link":"https:\/\/eye-track-sport.com\/de\/why\/","title":{"rendered":"WARUM"},"content":{"rendered":"<div id='av_section_1'  class='avia-section av-av_section-43fa913dbbd7170bb5693496c11aa38b main_color avia-section-large avia-no-border-styling  avia-builder-el-0  el_before_av_masonry_gallery  avia-builder-el-first  avia-bg-style-scroll container_wrap sidebar_right'  ><div class='container av-section-cont-open' ><main  role=\"main\" itemprop=\"mainContentOfPage\"  class='template-page content  av-content-small alpha units'><div class='post-entry post-entry-type-page post-entry-2161'><div class='entry-content-wrapper clearfix'>\n\n<style type=\"text\/css\" data-created_by=\"avia_inline_auto\" id=\"style-css-av-av_heading-e53dbec0f21ac2b2e1ad0dfd6277aca8\">\n#top .av-special-heading.av-av_heading-e53dbec0f21ac2b2e1ad0dfd6277aca8{\npadding-bottom:30px;\nfont-size:70px;\n}\nbody .av-special-heading.av-av_heading-e53dbec0f21ac2b2e1ad0dfd6277aca8 .av-special-heading-tag .heading-char{\nfont-size:25px;\n}\n#top #wrap_all .av-special-heading.av-av_heading-e53dbec0f21ac2b2e1ad0dfd6277aca8 .av-special-heading-tag{\nfont-size:70px;\n}\n.av-special-heading.av-av_heading-e53dbec0f21ac2b2e1ad0dfd6277aca8 .av-subheading{\nfont-size:15px;\n}\n\n@media only screen and (min-width: 480px) and (max-width: 767px){ \n#top #wrap_all .av-special-heading.av-av_heading-e53dbec0f21ac2b2e1ad0dfd6277aca8 .av-special-heading-tag{\nfont-size:0.8em;\n}\n}\n\n@media only screen and (max-width: 479px){ \n#top #wrap_all .av-special-heading.av-av_heading-e53dbec0f21ac2b2e1ad0dfd6277aca8 .av-special-heading-tag{\nfont-size:0.8em;\n}\n}\n<\/style>\n<div  class='av-special-heading av-av_heading-e53dbec0f21ac2b2e1ad0dfd6277aca8 av-special-heading-h1 blockquote modern-quote  avia-builder-el-1  el_before_av_heading  avia-builder-el-first  av-thin-font av-inherit-size'><h1 class='av-special-heading-tag '  itemprop=\"headline\"  >Warum <strong>EYE-TRACK<\/strong><\/h1><div class=\"special-heading-border\"><div class=\"special-heading-inner-border\"><\/div><\/div><\/div>\n\n<style type=\"text\/css\" data-created_by=\"avia_inline_auto\" id=\"style-css-av-av_heading-75bfd576a252f23e95908efd841e34ab\">\n#top .av-special-heading.av-av_heading-75bfd576a252f23e95908efd841e34ab{\npadding-bottom:30px;\nfont-size:35px;\n}\nbody .av-special-heading.av-av_heading-75bfd576a252f23e95908efd841e34ab .av-special-heading-tag .heading-char{\nfont-size:25px;\n}\n#top #wrap_all .av-special-heading.av-av_heading-75bfd576a252f23e95908efd841e34ab .av-special-heading-tag{\nfont-size:35px;\n}\n.av-special-heading.av-av_heading-75bfd576a252f23e95908efd841e34ab .av-subheading{\nfont-size:15px;\n}\n\n@media only screen and (min-width: 480px) and (max-width: 767px){ \n#top #wrap_all .av-special-heading.av-av_heading-75bfd576a252f23e95908efd841e34ab .av-special-heading-tag{\nfont-size:0.8em;\n}\n}\n\n@media only screen and (max-width: 479px){ \n#top #wrap_all .av-special-heading.av-av_heading-75bfd576a252f23e95908efd841e34ab .av-special-heading-tag{\nfont-size:0.8em;\n}\n}\n<\/style>\n<div  class='av-special-heading av-av_heading-75bfd576a252f23e95908efd841e34ab av-special-heading-h1 blockquote modern-quote  avia-builder-el-2  el_after_av_heading  el_before_av_one_half  av-inherit-size'><h1 class='av-special-heading-tag '  itemprop=\"headline\"  >Streckenposten im Training sind zu aufw\u00e4ndig &#8211; ohne Streckensicherung zu Fahren aber nicht mehr n\u00f6tig<\/h1><div class=\"special-heading-border\"><div class=\"special-heading-inner-border\"><\/div><\/div><\/div>\n\n<style type=\"text\/css\" data-created_by=\"avia_inline_auto\" id=\"style-css-av-av_one_half-6126cab7d8fab8d08143dd2dacdf673c\">\n.flex_column.av-av_one_half-6126cab7d8fab8d08143dd2dacdf673c{\nborder-radius:0px 0px 0px 0px;\npadding:0px 0px 0px 0px;\n}\n<\/style>\n<div  class='flex_column av-av_one_half-6126cab7d8fab8d08143dd2dacdf673c av_one_half  avia-builder-el-3  el_after_av_heading  el_before_av_one_half  first flex_column_div av-zero-column-padding  '     ><style type=\"text\/css\" data-created_by=\"avia_inline_auto\" id=\"style-css-av-av_textblock-821bdbcefc7b6037fa33c1ca5a1584d5\">\n#top .av_textblock_section.av-av_textblock-821bdbcefc7b6037fa33c1ca5a1584d5 .avia_textblock{\ncolor:#333333;\n}\n<\/style>\n<section  class='av_textblock_section av-av_textblock-821bdbcefc7b6037fa33c1ca5a1584d5 '   itemscope=\"itemscope\" itemtype=\"https:\/\/schema.org\/CreativeWork\" ><div class='avia_textblock av_inherit_color'  itemprop=\"text\" ><h3>EYE-TRACK L\u00d6ST EIN GROSSES PROBLEM, MIT DEM SICH FAHRER UND STRECKENBETREIBER AUSEINANDERSETZEN M\u00dcSSEN.<\/h3>\n<p>EYE-TRACK ist ein elektronisches \u00dcberwachungssystem, das sowohl den Fahrer als auch den Streckenbetreiber sch\u00fctzt, denn es ist das beste Instrument f\u00fcr den Streckenbetreiber, um Unf\u00e4lle wirksam zu verhindern und zu kontrollieren.<\/p>\n<\/div><\/section><br \/>\n\n<style type=\"text\/css\" data-created_by=\"avia_inline_auto\" id=\"style-css-av-av_hr-5ea7596238ed9f191e6b5e662093052f\">\n#top .hr.hr-invisible.av-av_hr-5ea7596238ed9f191e6b5e662093052f{\nheight:30px;\n}\n<\/style>\n<div  class='hr av-av_hr-5ea7596238ed9f191e6b5e662093052f hr-invisible  avia-builder-el-5  el_after_av_textblock  el_before_av_button '><span class='hr-inner '><span class=\"hr-inner-style\"><\/span><\/span><\/div><br \/>\n<div  class='avia-button-wrap av-av_button-244d623082c97505635048e908713031-wrap avia-button-left  avia-builder-el-6  el_after_av_hr  avia-builder-el-last '><a href='https:\/\/eye-track-sport.com\/de\/contacts\/'  class='avia-button av-av_button-244d623082c97505635048e908713031 av-link-btn avia-icon_select-yes-right-icon avia-size-large avia-position-left av-icon-on-hover avia-color-theme-color'   aria-label=\"WAS IST EYE-TRACK\"><span class='avia_iconbox_title' >WAS IST EYE-TRACK<\/span><span class='avia_button_icon avia_button_icon_right' aria-hidden='true' data-av_icon='\ue879' data-av_iconfont='entypo-fontello'><\/span><\/a><\/div><\/p><\/div>\n<style type=\"text\/css\" data-created_by=\"avia_inline_auto\" id=\"style-css-av-av_one_half-0aa7055fe62c3622faec82866afbaeb2\">\n.flex_column.av-av_one_half-0aa7055fe62c3622faec82866afbaeb2{\nborder-radius:0px 0px 0px 0px;\npadding:0px 0px 0px 0px;\n}\n<\/style>\n<div  class='flex_column av-av_one_half-0aa7055fe62c3622faec82866afbaeb2 av_one_half  avia-builder-el-7  el_after_av_one_half  avia-builder-el-last  flex_column_div av-zero-column-padding  '     ><section  class='av_textblock_section av-av_textblock-2de302bf1aa3cf4c9157dbe6f50ac7eb '   itemscope=\"itemscope\" itemtype=\"https:\/\/schema.org\/CreativeWork\" ><div class='avia_textblock'  itemprop=\"text\" ><h3>Wie oft ist schon ein Fahrer \u00fcberfahren worden, weil er im toten Winkel angehalten hat oder hingefallen ist?<\/h3>\n<p>EYE-TRACK informiert sowohl den Fahrer als auch den Streckenchef, wenn jemand irgendwo auf der Strecke stehen geblieben ist, wo er nicht sein sollte.<\/p>\n<p>Die technologische Innovation hat ein ernstes Problem gel\u00f6st, das bei Trainingseinheiten auftritt, wenn ein Streckenposten nicht an jedem toten Winkel der Strecke anwesend ist, um die Sicherheit der Fahrer zu gew\u00e4hrleisten.<\/p>\n<\/div><\/section><\/div>\n<style type=\"text\/css\" data-created_by=\"avia_inline_auto\" id=\"style-css-av-av_masonry_gallery-38561eeb9879f2b8d00cab0a2e60886e\">\n#top .av-masonry.av-av_masonry_gallery-38561eeb9879f2b8d00cab0a2e60886e{\nbackground-color:#191919;\n}\n<\/style>\n<div id='av-masonry-1' class='av-masonry av-av_masonry_gallery-38561eeb9879f2b8d00cab0a2e60886e noHover av-fixed-size av-large-gap av-hover-overlay-active av-masonry-animation-active av-masonry-col-4 av-caption-always av-caption-style- av-masonry-gallery ' data-post_id=\"2161\"><div class=\"av-masonry-container isotope av-js-disabled\"><div class='av-masonry-entry isotope-item av-masonry-item-no-image '><\/div><a href=\"https:\/\/eye-track-sport.com\/wp-content\/uploads\/2016\/05\/gallery-1.jpg\" data-srcset=\"https:\/\/eye-track-sport.com\/wp-content\/uploads\/2016\/05\/gallery-1.jpg 576w, https:\/\/eye-track-sport.com\/wp-content\/uploads\/2016\/05\/gallery-1-300x225.jpg 300w, https:\/\/eye-track-sport.com\/wp-content\/uploads\/2016\/05\/gallery-1-450x338.jpg 450w\" data-sizes=\"(max-width: 576px) 100vw, 576px\"  aria-label=\"Bild gallery 1\"  id='av-masonry-1-item-2506' data-av-masonry-item='2506' class='av-masonry-entry isotope-item post-2506 attachment type-attachment status-inherit hentry  av-masonry-item-with-image' title=\"gallery 1\" alt=\"\"    itemprop=\"thumbnailUrl\" ><div class='av-inner-masonry-sizer'><\/div><figure class='av-inner-masonry main_color'><div class=\"av-masonry-outerimage-container\"><div class='av-masonry-image-container' style=\"background-image: url(https:\/\/eye-track-sport.com\/wp-content\/uploads\/2016\/05\/gallery-1.jpg);\"  title=\"gallery 1\" ><\/div><\/div><\/figure><\/a><!--end av-masonry entry--><a href=\"https:\/\/eye-track-sport.com\/wp-content\/uploads\/2016\/05\/gallery-2.jpg\" data-srcset=\"https:\/\/eye-track-sport.com\/wp-content\/uploads\/2016\/05\/gallery-2.jpg 576w, https:\/\/eye-track-sport.com\/wp-content\/uploads\/2016\/05\/gallery-2-300x225.jpg 300w, https:\/\/eye-track-sport.com\/wp-content\/uploads\/2016\/05\/gallery-2-450x338.jpg 450w\" data-sizes=\"(max-width: 576px) 100vw, 576px\"  aria-label=\"Bild gallery 2\"  id='av-masonry-1-item-2511' data-av-masonry-item='2511' class='av-masonry-entry isotope-item post-2511 attachment type-attachment status-inherit hentry  av-masonry-item-with-image' title=\"gallery 2\" alt=\"\"    itemprop=\"thumbnailUrl\" ><div class='av-inner-masonry-sizer'><\/div><figure class='av-inner-masonry main_color'><div class=\"av-masonry-outerimage-container\"><div class='av-masonry-image-container' style=\"background-image: url(https:\/\/eye-track-sport.com\/wp-content\/uploads\/2016\/05\/gallery-2.jpg);\"  title=\"gallery 2\" ><\/div><\/div><\/figure><\/a><!--end av-masonry entry--><a href=\"https:\/\/eye-track-sport.com\/wp-content\/uploads\/2016\/05\/gallery-3-1.jpg\" data-srcset=\"https:\/\/eye-track-sport.com\/wp-content\/uploads\/2016\/05\/gallery-3-1.jpg 576w, https:\/\/eye-track-sport.com\/wp-content\/uploads\/2016\/05\/gallery-3-1-300x225.jpg 300w, https:\/\/eye-track-sport.com\/wp-content\/uploads\/2016\/05\/gallery-3-1-450x338.jpg 450w\" data-sizes=\"(max-width: 576px) 100vw, 576px\"  aria-label=\"Bild gallery 3\"  id='av-masonry-1-item-2526' data-av-masonry-item='2526' class='av-masonry-entry isotope-item post-2526 attachment type-attachment status-inherit hentry  av-masonry-item-with-image' title=\"gallery 3\" alt=\"\"    itemprop=\"thumbnailUrl\" ><div class='av-inner-masonry-sizer'><\/div><figure class='av-inner-masonry main_color'><div class=\"av-masonry-outerimage-container\"><div class='av-masonry-image-container' style=\"background-image: url(https:\/\/eye-track-sport.com\/wp-content\/uploads\/2016\/05\/gallery-3-1.jpg);\"  title=\"gallery 3\" ><\/div><\/div><\/figure><\/a><!--end av-masonry entry--><a href=\"https:\/\/eye-track-sport.com\/wp-content\/uploads\/2016\/05\/gallery-4-1.jpg\" data-srcset=\"https:\/\/eye-track-sport.com\/wp-content\/uploads\/2016\/05\/gallery-4-1.jpg 576w, https:\/\/eye-track-sport.com\/wp-content\/uploads\/2016\/05\/gallery-4-1-300x225.jpg 300w, https:\/\/eye-track-sport.com\/wp-content\/uploads\/2016\/05\/gallery-4-1-450x338.jpg 450w\" data-sizes=\"(max-width: 576px) 100vw, 576px\"  aria-label=\"Bild gallery 4\"  id='av-masonry-1-item-2531' data-av-masonry-item='2531' class='av-masonry-entry isotope-item post-2531 attachment type-attachment status-inherit hentry  av-masonry-item-with-image' title=\"gallery 4\" alt=\"\"    itemprop=\"thumbnailUrl\" ><div class='av-inner-masonry-sizer'><\/div><figure class='av-inner-masonry main_color'><div class=\"av-masonry-outerimage-container\"><div class='av-masonry-image-container' style=\"background-image: url(https:\/\/eye-track-sport.com\/wp-content\/uploads\/2016\/05\/gallery-4-1.jpg);\"  title=\"gallery 4\" ><\/div><\/div><\/figure><\/a><!--end av-masonry entry--><\/div><\/div><\/p>\n<div id='av-layout-grid-1'  class='av-layout-grid-container av-av_layout_row-1d8317cbdefe95838b8a91a9294aba61 entry-content-wrapper alternate_color av-flex-cells  avia-builder-el-10  el_after_av_masonry_gallery  el_before_av_one_half  grid-row-not-first  container_wrap sidebar_right'  >\n\n<style type=\"text\/css\" data-created_by=\"avia_inline_auto\" id=\"style-css-av-av_cell_one_half-c1cd18e52d198d210c9bd8bb70960134\">\n.flex_cell.av-av_cell_one_half-c1cd18e52d198d210c9bd8bb70960134{\nvertical-align:middle;\nbackground:url(https:\/\/eye-track-sport.com\/wp-content\/uploads\/2016\/02\/slide-eyetrack-2-1030x433.jpg) 0% 50% no-repeat scroll ;\n}\n.responsive #top #wrap_all .flex_cell.av-av_cell_one_half-c1cd18e52d198d210c9bd8bb70960134{\npadding:0px 0px 0px 0px !important;\n}\n<\/style>\n<div class='flex_cell av-av_cell_one_half-c1cd18e52d198d210c9bd8bb70960134 av-gridrow-cell av_one_half no_margin  avia-builder-el-11  el_before_av_cell_one_half  avia-builder-el-first  av-zero-padding avia-full-stretch'  ><div class='flex_cell_inner'><\/div><\/div>\n<style type=\"text\/css\" data-created_by=\"avia_inline_auto\" id=\"style-css-av-av_cell_one_half-d1e1fa2911d5b957e8156bb6559aa850\">\n.flex_cell.av-av_cell_one_half-d1e1fa2911d5b957e8156bb6559aa850{\nvertical-align:middle;\n}\n.responsive #top #wrap_all .flex_cell.av-av_cell_one_half-d1e1fa2911d5b957e8156bb6559aa850{\npadding:100px 100px 100px 100px !important;\n}\n<\/style>\n<div class='flex_cell av-av_cell_one_half-d1e1fa2911d5b957e8156bb6559aa850 av-gridrow-cell av_one_half no_margin  avia-builder-el-12  el_after_av_cell_one_half  avia-builder-el-last '  ><div class='flex_cell_inner'><p>\n<style type=\"text\/css\" data-created_by=\"avia_inline_auto\" id=\"style-css-av-av_heading-f44a49a9cb76c69a109dd6e84f49713e\">\n#top .av-special-heading.av-av_heading-f44a49a9cb76c69a109dd6e84f49713e{\npadding-bottom:20px;\nfont-size:50px;\n}\nbody .av-special-heading.av-av_heading-f44a49a9cb76c69a109dd6e84f49713e .av-special-heading-tag .heading-char{\nfont-size:25px;\n}\n#top #wrap_all .av-special-heading.av-av_heading-f44a49a9cb76c69a109dd6e84f49713e .av-special-heading-tag{\nfont-size:50px;\n}\n.av-special-heading.av-av_heading-f44a49a9cb76c69a109dd6e84f49713e .av-subheading{\nfont-size:15px;\n}\n\n@media only screen and (min-width: 480px) and (max-width: 767px){ \n#top #wrap_all .av-special-heading.av-av_heading-f44a49a9cb76c69a109dd6e84f49713e .av-special-heading-tag{\nfont-size:0.8em;\n}\n}\n\n@media only screen and (max-width: 479px){ \n#top #wrap_all .av-special-heading.av-av_heading-f44a49a9cb76c69a109dd6e84f49713e .av-special-heading-tag{\nfont-size:0.8em;\n}\n}\n<\/style>\n<div  class='av-special-heading av-av_heading-f44a49a9cb76c69a109dd6e84f49713e av-special-heading-h1 blockquote modern-quote  avia-builder-el-13  el_before_av_textblock  avia-builder-el-first  av-thin-font av-inherit-size'><h1 class='av-special-heading-tag '  itemprop=\"headline\"  >VERMEIDE GEFAHREN <strong>HINTER SPR\u00dcNGEN.<\/strong><\/h1><div class=\"special-heading-border\"><div class=\"special-heading-inner-border\"><\/div><\/div><\/div><br \/>\n<section  class='av_textblock_section av-av_textblock-2de302bf1aa3cf4c9157dbe6f50ac7eb '   itemscope=\"itemscope\" itemtype=\"https:\/\/schema.org\/CreativeWork\" ><div class='avia_textblock'  itemprop=\"text\" ><p class=\"p1\">35 % der Unf\u00e4lle ereignen sich in toten Winkeln, in denen einfache St\u00fcrze, schwerste Unf\u00e4lle verursachen.<br \/>\nEYE-TRACK wurde entwickelt, um solche Situationen zu vermeiden.<\/p>\n<\/div><\/section><\/p>\n<\/div><\/div><\/div><div id='after_grid_row_1'  class='main_color av_default_container_wrap container_wrap sidebar_right'  ><div class='container av-section-cont-open' ><div class='template-page content  av-content-small alpha units'><div class='post-entry post-entry-type-page post-entry-2161'><div class='entry-content-wrapper clearfix'>\n<style type=\"text\/css\" data-created_by=\"avia_inline_auto\" id=\"style-css-av-av_one_half-6126cab7d8fab8d08143dd2dacdf673c\">\n.flex_column.av-av_one_half-6126cab7d8fab8d08143dd2dacdf673c{\nborder-radius:0px 0px 0px 0px;\npadding:0px 0px 0px 0px;\n}\n<\/style>\n<div  class='flex_column av-av_one_half-6126cab7d8fab8d08143dd2dacdf673c av_one_half  avia-builder-el-15  el_after_av_layout_row  el_before_av_one_half  avia-builder-el-first  first flex_column_div av-zero-column-padding  '     ><p>\n<style type=\"text\/css\" data-created_by=\"avia_inline_auto\" id=\"style-css-av-av_textblock-821bdbcefc7b6037fa33c1ca5a1584d5\">\n#top .av_textblock_section.av-av_textblock-821bdbcefc7b6037fa33c1ca5a1584d5 .avia_textblock{\ncolor:#333333;\n}\n<\/style>\n<section  class='av_textblock_section av-av_textblock-821bdbcefc7b6037fa33c1ca5a1584d5 '   itemscope=\"itemscope\" itemtype=\"https:\/\/schema.org\/CreativeWork\" ><div class='avia_textblock av_inherit_color'  itemprop=\"text\" ><p><strong>EYE-TRACK ERM\u00d6GLICHT ES IHNEN, DIE SICHERHEITSKOSTEN ZU SENKEN<\/strong><\/p>\n<p>Das elektronische \u00dcberwachungssystem EYE-TRACK wurde entwickelt, um ein hohes Sicherheitsniveau in Sportanlagen zu gew\u00e4hrleisten, die sich nicht die Kosten f\u00fcr Streckenposten an jedem toten Winkel leisten k\u00f6nnen. Mit EYE-TRACK kann endlich ein sicherer Trainingsbetrieb gew\u00e4hrleistet werden.<\/p>\n<\/div><\/section><br \/>\n\n<style type=\"text\/css\" data-created_by=\"avia_inline_auto\" id=\"style-css-av-av_textblock-821bdbcefc7b6037fa33c1ca5a1584d5\">\n#top .av_textblock_section.av-av_textblock-821bdbcefc7b6037fa33c1ca5a1584d5 .avia_textblock{\ncolor:#333333;\n}\n<\/style>\n<section  class='av_textblock_section av-av_textblock-821bdbcefc7b6037fa33c1ca5a1584d5 '   itemscope=\"itemscope\" itemtype=\"https:\/\/schema.org\/CreativeWork\" ><div class='avia_textblock av_inherit_color'  itemprop=\"text\" ><p><strong>EYE-TRACK IST EIN MEHRWERT F\u00dcR DEN MOTOCROSS-SPORT<\/strong><\/p>\n<p>Ein h\u00f6heres Sicherheitsniveau hilft Athleten und Sportlern, ihre Leidenschaft f\u00fcr Motocross und andere Motorsportarten zu entwickeln.<\/p>\n<p>Es erh\u00f6ht die Sicherheit auf den Strecken und erm\u00f6glicht es den Fahrern, ihre Leistung zu verbessern.<\/p>\n<p>Unf\u00e4lle vermindern die Akzeptanz der Allgemeinheit an unserer sch\u00f6nen Sportart.<\/p>\n<\/div><\/section><\/p><\/div>\n<style type=\"text\/css\" data-created_by=\"avia_inline_auto\" id=\"style-css-av-av_one_half-0aa7055fe62c3622faec82866afbaeb2\">\n.flex_column.av-av_one_half-0aa7055fe62c3622faec82866afbaeb2{\nborder-radius:0px 0px 0px 0px;\npadding:0px 0px 0px 0px;\n}\n<\/style>\n<div  class='flex_column av-av_one_half-0aa7055fe62c3622faec82866afbaeb2 av_one_half  avia-builder-el-18  el_after_av_one_half  avia-builder-el-last  flex_column_div av-zero-column-padding  '     ><style type=\"text\/css\" data-created_by=\"avia_inline_auto\" id=\"style-css-av-av_textblock-821bdbcefc7b6037fa33c1ca5a1584d5\">\n#top .av_textblock_section.av-av_textblock-821bdbcefc7b6037fa33c1ca5a1584d5 .avia_textblock{\ncolor:#333333;\n}\n<\/style>\n<section  class='av_textblock_section av-av_textblock-821bdbcefc7b6037fa33c1ca5a1584d5 '   itemscope=\"itemscope\" itemtype=\"https:\/\/schema.org\/CreativeWork\" ><div class='avia_textblock av_inherit_color'  itemprop=\"text\" ><p><strong>EYE-TRACK ERLEICHTERT DIE ARBEIT AUF DER STRECKE<\/strong><\/p>\n<p>EYE-TRACK erm\u00f6glicht es dem Streckenbetreiber, das Geschehen auf der Motocross-Strecke zu \u00fcberwachen, wenn die Fahrer trainieren, und erleichtert so die \u00dcberwachung und Kontrolle der Trainingseinheiten.<br \/>\nEYE-TRACK hilft dem Streckenmanager auch bei Wartungsarbeiten, da er den Zustand der Strecke auch dann beobachten kann, wenn sie geschlossen ist.<\/p>\n<\/div><\/section><\/div><\/p>\n","protected":false},"excerpt":{"rendered":"","protected":false},"author":13,"featured_media":0,"parent":0,"menu_order":0,"comment_status":"closed","ping_status":"closed","template":"","meta":{"footnotes":""},"class_list":["post-2161","page","type-page","status-publish","hentry"],"yoast_head":"<!-- This site is optimized with the Yoast SEO plugin v26.8 - https:\/\/yoast.com\/product\/yoast-seo-wordpress\/ -->\n<title>WARUM<\/title>\n<meta name=\"robots\" content=\"index, follow, max-snippet:-1, max-image-preview:large, max-video-preview:-1\" \/>\n<link rel=\"canonical\" href=\"http:\/\/eye-track-sport.com\/perche-eye-track\/\" \/>\n<meta property=\"og:locale\" content=\"de_DE\" \/>\n<meta property=\"og:type\" content=\"article\" \/>\n<meta property=\"og:title\" content=\"WARUM\" \/>\n<meta property=\"og:url\" content=\"http:\/\/eye-track-sport.com\/perche-eye-track\/\" \/>\n<meta property=\"og:site_name\" content=\"EYE-TRACK\" \/>\n<meta property=\"article:modified_time\" content=\"2022-09-16T06:08:14+00:00\" \/>\n<meta name=\"twitter:card\" content=\"summary_large_image\" \/>\n<meta name=\"twitter:label1\" content=\"Gesch\u00e4tzte Lesezeit\" \/>\n\t<meta name=\"twitter:data1\" content=\"5\u00a0Minuten\" \/>\n<script type=\"application\/ld+json\" class=\"yoast-schema-graph\">{\"@context\":\"https:\/\/schema.org\",\"@graph\":[{\"@type\":\"WebPage\",\"@id\":\"http:\/\/eye-track-sport.com\/perche-eye-track\/\",\"url\":\"http:\/\/eye-track-sport.com\/perche-eye-track\/\",\"name\":\"WARUM\",\"isPartOf\":{\"@id\":\"https:\/\/eye-track-sport.com\/en\/#website\"},\"datePublished\":\"2021-07-12T12:40:49+00:00\",\"dateModified\":\"2022-09-16T06:08:14+00:00\",\"breadcrumb\":{\"@id\":\"http:\/\/eye-track-sport.com\/perche-eye-track\/#breadcrumb\"},\"inLanguage\":\"de\",\"potentialAction\":[{\"@type\":\"ReadAction\",\"target\":[\"http:\/\/eye-track-sport.com\/perche-eye-track\/\"]}]},{\"@type\":\"BreadcrumbList\",\"@id\":\"http:\/\/eye-track-sport.com\/perche-eye-track\/#breadcrumb\",\"itemListElement\":[{\"@type\":\"ListItem\",\"position\":1,\"name\":\"Home\",\"item\":\"https:\/\/eye-track-sport.com\/de\/welcome\/\"},{\"@type\":\"ListItem\",\"position\":2,\"name\":\"WARUM\"}]},{\"@type\":\"WebSite\",\"@id\":\"https:\/\/eye-track-sport.com\/en\/#website\",\"url\":\"https:\/\/eye-track-sport.com\/en\/\",\"name\":\"EYE-TRACK\",\"description\":\"artificial intelligence for safety in sport facilities and public areas\",\"potentialAction\":[{\"@type\":\"SearchAction\",\"target\":{\"@type\":\"EntryPoint\",\"urlTemplate\":\"https:\/\/eye-track-sport.com\/en\/?s={search_term_string}\"},\"query-input\":{\"@type\":\"PropertyValueSpecification\",\"valueRequired\":true,\"valueName\":\"search_term_string\"}}],\"inLanguage\":\"de\"}]}<\/script>\n<!-- \/ Yoast SEO plugin. -->","yoast_head_json":{"title":"WARUM","robots":{"index":"index","follow":"follow","max-snippet":"max-snippet:-1","max-image-preview":"max-image-preview:large","max-video-preview":"max-video-preview:-1"},"canonical":"http:\/\/eye-track-sport.com\/perche-eye-track\/","og_locale":"de_DE","og_type":"article","og_title":"WARUM","og_url":"http:\/\/eye-track-sport.com\/perche-eye-track\/","og_site_name":"EYE-TRACK","article_modified_time":"2022-09-16T06:08:14+00:00","twitter_card":"summary_large_image","twitter_misc":{"Gesch\u00e4tzte Lesezeit":"5\u00a0Minuten"},"schema":{"@context":"https:\/\/schema.org","@graph":[{"@type":"WebPage","@id":"http:\/\/eye-track-sport.com\/perche-eye-track\/","url":"http:\/\/eye-track-sport.com\/perche-eye-track\/","name":"WARUM","isPartOf":{"@id":"https:\/\/eye-track-sport.com\/en\/#website"},"datePublished":"2021-07-12T12:40:49+00:00","dateModified":"2022-09-16T06:08:14+00:00","breadcrumb":{"@id":"http:\/\/eye-track-sport.com\/perche-eye-track\/#breadcrumb"},"inLanguage":"de","potentialAction":[{"@type":"ReadAction","target":["http:\/\/eye-track-sport.com\/perche-eye-track\/"]}]},{"@type":"BreadcrumbList","@id":"http:\/\/eye-track-sport.com\/perche-eye-track\/#breadcrumb","itemListElement":[{"@type":"ListItem","position":1,"name":"Home","item":"https:\/\/eye-track-sport.com\/de\/welcome\/"},{"@type":"ListItem","position":2,"name":"WARUM"}]},{"@type":"WebSite","@id":"https:\/\/eye-track-sport.com\/en\/#website","url":"https:\/\/eye-track-sport.com\/en\/","name":"EYE-TRACK","description":"artificial intelligence for safety in sport facilities and public areas","potentialAction":[{"@type":"SearchAction","target":{"@type":"EntryPoint","urlTemplate":"https:\/\/eye-track-sport.com\/en\/?s={search_term_string}"},"query-input":{"@type":"PropertyValueSpecification","valueRequired":true,"valueName":"search_term_string"}}],"inLanguage":"de"}]}},"_links":{"self":[{"href":"https:\/\/eye-track-sport.com\/de\/wp-json\/wp\/v2\/pages\/2161","targetHints":{"allow":["GET"]}}],"collection":[{"href":"https:\/\/eye-track-sport.com\/de\/wp-json\/wp\/v2\/pages"}],"about":[{"href":"https:\/\/eye-track-sport.com\/de\/wp-json\/wp\/v2\/types\/page"}],"author":[{"embeddable":true,"href":"https:\/\/eye-track-sport.com\/de\/wp-json\/wp\/v2\/users\/13"}],"replies":[{"embeddable":true,"href":"https:\/\/eye-track-sport.com\/de\/wp-json\/wp\/v2\/comments?post=2161"}],"version-history":[{"count":6,"href":"https:\/\/eye-track-sport.com\/de\/wp-json\/wp\/v2\/pages\/2161\/revisions"}],"predecessor-version":[{"id":3985,"href":"https:\/\/eye-track-sport.com\/de\/wp-json\/wp\/v2\/pages\/2161\/revisions\/3985"}],"wp:attachment":[{"href":"https:\/\/eye-track-sport.com\/de\/wp-json\/wp\/v2\/media?parent=2161"}],"curies":[{"name":"wp","href":"https:\/\/api.w.org\/{rel}","templated":true}]}}