{"id":3966,"date":"2022-09-16T08:00:43","date_gmt":"2022-09-16T06:00:43","guid":{"rendered":"https:\/\/www.eye-track-sport.com\/?page_id=3966"},"modified":"2023-01-12T22:13:45","modified_gmt":"2023-01-12T21:13:45","slug":"vermietung","status":"publish","type":"page","link":"https:\/\/eye-track-sport.com\/de\/vermietung\/","title":{"rendered":"KOSTEN"},"content":{"rendered":"\n<style type=\"text\/css\" data-created_by=\"avia_inline_auto\" id=\"style-css-av-av_one_third-826c1c0ca2001783299b013bb6b50dff\">\n.flex_column.av-av_one_third-826c1c0ca2001783299b013bb6b50dff{\nborder-radius:0px 0px 0px 0px;\npadding:0px 0px 0px 0px;\n}\n<\/style>\n<div  class='flex_column av-av_one_third-826c1c0ca2001783299b013bb6b50dff av_one_third  avia-builder-el-0  el_before_av_one_third  avia-builder-el-first  first flex_column_div av-zero-column-padding  '     ><p>\n<style type=\"text\/css\" data-created_by=\"avia_inline_auto\" id=\"style-css-av-av_font_icon-142e7888a4a5c3908a2191a8b608567d\">\n.av_font_icon.av-av_font_icon-142e7888a4a5c3908a2191a8b608567d .av-icon-char{\nfont-size:40px;\nline-height:40px;\nwidth:40px;\n}\n<\/style>\n<span  class='av_font_icon av-av_font_icon-142e7888a4a5c3908a2191a8b608567d avia_animate_when_visible av-icon-style-border avia-icon-pos-center av-no-color avia-icon-animate'><span class='av-icon-char' aria-hidden='true' data-av_icon='\ue864' data-av_iconfont='entypo-fontello' ><\/span><span class='av_icon_caption av-special-font'>Modular und erweiterbar<\/span><\/span><br \/>\n<section  class='av_textblock_section av-av_textblock-2de302bf1aa3cf4c9157dbe6f50ac7eb '   itemscope=\"itemscope\" itemtype=\"https:\/\/schema.org\/CreativeWork\" ><div class='avia_textblock'  itemprop=\"text\" ><p>EYE-TRACK ist ein modulares und skalierbares System. So kann man das System bereits an den gef\u00e4hrlichsten Stellen sofort in Betrieb nehmen und im folgenden Jahr entsprechend erweitern. Au\u00dferdem l\u00e4sst sich der Funktionsumfang konfigurieren und nachtr\u00e4glich jederzeit vergr\u00f6\u00dfern.<\/p>\n<\/div><\/section><\/p><\/div>\n\n<style type=\"text\/css\" data-created_by=\"avia_inline_auto\" id=\"style-css-av-av_one_third-c8fc129dc35fd1ae2a1e410224d39ea8\">\n.flex_column.av-av_one_third-c8fc129dc35fd1ae2a1e410224d39ea8{\nborder-radius:0px 0px 0px 0px;\npadding:0px 0px 0px 0px;\n}\n<\/style>\n<div  class='flex_column av-av_one_third-c8fc129dc35fd1ae2a1e410224d39ea8 av_one_third  avia-builder-el-3  el_after_av_one_third  el_before_av_one_third  flex_column_div av-zero-column-padding  '     ><p>\n<style type=\"text\/css\" data-created_by=\"avia_inline_auto\" id=\"style-css-av-av_font_icon-b85f20b654278c09d10b751be09ee156\">\n.av_font_icon.av-av_font_icon-b85f20b654278c09d10b751be09ee156 .av-icon-char{\nfont-size:40px;\nline-height:40px;\nwidth:40px;\n}\n<\/style>\n<span  class='av_font_icon av-av_font_icon-b85f20b654278c09d10b751be09ee156 avia_animate_when_visible av-icon-style-border avia-icon-pos-center av-no-color avia-icon-animate'><span class='av-icon-char' aria-hidden='true' data-av_icon='\ue822' data-av_iconfont='entypo-fontello' ><\/span><span class='av_icon_caption av-special-font'>Sportst\u00e4tten-F\u00f6rderung<\/span><\/span><br \/>\n<section  class='av_textblock_section av-av_textblock-2de302bf1aa3cf4c9157dbe6f50ac7eb '   itemscope=\"itemscope\" itemtype=\"https:\/\/schema.org\/CreativeWork\" ><div class='avia_textblock'  itemprop=\"text\" ><p>Das EYE-TRACK System ist als Element zur Streckensicherung f\u00f6derungsf\u00e4hig. Gerne beraten wir Euch zu den Details beim Antrag zur Sportst\u00e4ttenf\u00f6rderung.<\/p>\n<p>Au\u00dferdem gibt es die M\u00f6glichkeit, eine Neuanlage mit weiteren F\u00f6rderungsm\u00f6glichkeiten zu kombinieren, z.B. erneuerbare Energie, Erschlie\u00dfung oder kommunale F\u00f6rderungen.<\/p>\n<\/div><\/section><\/p><\/div>\n\n<style type=\"text\/css\" data-created_by=\"avia_inline_auto\" id=\"style-css-av-av_one_third-c8fc129dc35fd1ae2a1e410224d39ea8\">\n.flex_column.av-av_one_third-c8fc129dc35fd1ae2a1e410224d39ea8{\nborder-radius:0px 0px 0px 0px;\npadding:0px 0px 0px 0px;\n}\n<\/style>\n<div  class='flex_column av-av_one_third-c8fc129dc35fd1ae2a1e410224d39ea8 av_one_third  avia-builder-el-6  el_after_av_one_third  avia-builder-el-last  flex_column_div av-zero-column-padding  '     ><p>\n<style type=\"text\/css\" data-created_by=\"avia_inline_auto\" id=\"style-css-av-av_font_icon-f14eadf96e12ebf645c19739047b108f\">\n.av_font_icon.av-av_font_icon-f14eadf96e12ebf645c19739047b108f .av-icon-char{\nfont-size:40px;\nline-height:40px;\nwidth:40px;\n}\n<\/style>\n<span  class='av_font_icon av-av_font_icon-f14eadf96e12ebf645c19739047b108f avia_animate_when_visible av-icon-style-border avia-icon-pos-center av-no-color avia-icon-animate'><span class='av-icon-char' aria-hidden='true' data-av_icon='\ue8a9' data-av_iconfont='entypo-fontello' ><\/span><span class='av_icon_caption av-special-font'>Leasing oder Miete<\/span><\/span><br \/>\n<section  class='av_textblock_section av-av_textblock-2de302bf1aa3cf4c9157dbe6f50ac7eb '   itemscope=\"itemscope\" itemtype=\"https:\/\/schema.org\/CreativeWork\" ><div class='avia_textblock'  itemprop=\"text\" ><p>Kauf, Miete oder Leasing. Mit Hilfe unseres deutschen Finanzierungspartners GRENKE k\u00f6nnen wir Euch alle verschieden M\u00f6glichkeiten zur Finanzierung der Streckensicherung anbieten.<\/p>\n<p>Gerne tauschen wir uns mit Euch auch \u00fcber die Erfahrungen zur Mitgliederfinanzierung aus.<\/p>\n<\/div><\/section><\/p><\/div>\n","protected":false},"excerpt":{"rendered":"","protected":false},"author":13,"featured_media":0,"parent":0,"menu_order":0,"comment_status":"closed","ping_status":"closed","template":"","meta":{"footnotes":""},"class_list":["post-3966","page","type-page","status-publish","hentry"],"yoast_head":"<!-- This site is optimized with the Yoast SEO plugin v26.8 - https:\/\/yoast.com\/product\/yoast-seo-wordpress\/ -->\n<title>KOSTEN<\/title>\n<meta name=\"robots\" content=\"index, follow, max-snippet:-1, max-image-preview:large, max-video-preview:-1\" \/>\n<link rel=\"canonical\" href=\"https:\/\/eye-track-sport.com\/de\/vermietung\/\" \/>\n<meta property=\"og:locale\" content=\"de_DE\" \/>\n<meta property=\"og:type\" content=\"article\" \/>\n<meta property=\"og:title\" content=\"KOSTEN\" \/>\n<meta property=\"og:url\" content=\"https:\/\/eye-track-sport.com\/de\/vermietung\/\" \/>\n<meta property=\"og:site_name\" content=\"EYE-TRACK\" \/>\n<meta property=\"article:modified_time\" content=\"2023-01-12T21:13:45+00:00\" \/>\n<meta name=\"twitter:card\" content=\"summary_large_image\" \/>\n<meta name=\"twitter:label1\" content=\"Gesch\u00e4tzte Lesezeit\" \/>\n\t<meta name=\"twitter:data1\" content=\"2\u00a0Minuten\" \/>\n<script type=\"application\/ld+json\" class=\"yoast-schema-graph\">{\"@context\":\"https:\/\/schema.org\",\"@graph\":[{\"@type\":\"WebPage\",\"@id\":\"https:\/\/eye-track-sport.com\/de\/vermietung\/\",\"url\":\"https:\/\/eye-track-sport.com\/de\/vermietung\/\",\"name\":\"KOSTEN\",\"isPartOf\":{\"@id\":\"https:\/\/eye-track-sport.com\/en\/#website\"},\"datePublished\":\"2022-09-16T06:00:43+00:00\",\"dateModified\":\"2023-01-12T21:13:45+00:00\",\"breadcrumb\":{\"@id\":\"https:\/\/eye-track-sport.com\/de\/vermietung\/#breadcrumb\"},\"inLanguage\":\"de\",\"potentialAction\":[{\"@type\":\"ReadAction\",\"target\":[\"https:\/\/eye-track-sport.com\/de\/vermietung\/\"]}]},{\"@type\":\"BreadcrumbList\",\"@id\":\"https:\/\/eye-track-sport.com\/de\/vermietung\/#breadcrumb\",\"itemListElement\":[{\"@type\":\"ListItem\",\"position\":1,\"name\":\"Home\",\"item\":\"https:\/\/eye-track-sport.com\/de\/welcome\/\"},{\"@type\":\"ListItem\",\"position\":2,\"name\":\"KOSTEN\"}]},{\"@type\":\"WebSite\",\"@id\":\"https:\/\/eye-track-sport.com\/en\/#website\",\"url\":\"https:\/\/eye-track-sport.com\/en\/\",\"name\":\"EYE-TRACK\",\"description\":\"artificial intelligence for safety in sport facilities and public areas\",\"potentialAction\":[{\"@type\":\"SearchAction\",\"target\":{\"@type\":\"EntryPoint\",\"urlTemplate\":\"https:\/\/eye-track-sport.com\/en\/?s={search_term_string}\"},\"query-input\":{\"@type\":\"PropertyValueSpecification\",\"valueRequired\":true,\"valueName\":\"search_term_string\"}}],\"inLanguage\":\"de\"}]}<\/script>\n<!-- \/ Yoast SEO plugin. -->","yoast_head_json":{"title":"KOSTEN","robots":{"index":"index","follow":"follow","max-snippet":"max-snippet:-1","max-image-preview":"max-image-preview:large","max-video-preview":"max-video-preview:-1"},"canonical":"https:\/\/eye-track-sport.com\/de\/vermietung\/","og_locale":"de_DE","og_type":"article","og_title":"KOSTEN","og_url":"https:\/\/eye-track-sport.com\/de\/vermietung\/","og_site_name":"EYE-TRACK","article_modified_time":"2023-01-12T21:13:45+00:00","twitter_card":"summary_large_image","twitter_misc":{"Gesch\u00e4tzte Lesezeit":"2\u00a0Minuten"},"schema":{"@context":"https:\/\/schema.org","@graph":[{"@type":"WebPage","@id":"https:\/\/eye-track-sport.com\/de\/vermietung\/","url":"https:\/\/eye-track-sport.com\/de\/vermietung\/","name":"KOSTEN","isPartOf":{"@id":"https:\/\/eye-track-sport.com\/en\/#website"},"datePublished":"2022-09-16T06:00:43+00:00","dateModified":"2023-01-12T21:13:45+00:00","breadcrumb":{"@id":"https:\/\/eye-track-sport.com\/de\/vermietung\/#breadcrumb"},"inLanguage":"de","potentialAction":[{"@type":"ReadAction","target":["https:\/\/eye-track-sport.com\/de\/vermietung\/"]}]},{"@type":"BreadcrumbList","@id":"https:\/\/eye-track-sport.com\/de\/vermietung\/#breadcrumb","itemListElement":[{"@type":"ListItem","position":1,"name":"Home","item":"https:\/\/eye-track-sport.com\/de\/welcome\/"},{"@type":"ListItem","position":2,"name":"KOSTEN"}]},{"@type":"WebSite","@id":"https:\/\/eye-track-sport.com\/en\/#website","url":"https:\/\/eye-track-sport.com\/en\/","name":"EYE-TRACK","description":"artificial intelligence for safety in sport facilities and public areas","potentialAction":[{"@type":"SearchAction","target":{"@type":"EntryPoint","urlTemplate":"https:\/\/eye-track-sport.com\/en\/?s={search_term_string}"},"query-input":{"@type":"PropertyValueSpecification","valueRequired":true,"valueName":"search_term_string"}}],"inLanguage":"de"}]}},"_links":{"self":[{"href":"https:\/\/eye-track-sport.com\/de\/wp-json\/wp\/v2\/pages\/3966","targetHints":{"allow":["GET"]}}],"collection":[{"href":"https:\/\/eye-track-sport.com\/de\/wp-json\/wp\/v2\/pages"}],"about":[{"href":"https:\/\/eye-track-sport.com\/de\/wp-json\/wp\/v2\/types\/page"}],"author":[{"embeddable":true,"href":"https:\/\/eye-track-sport.com\/de\/wp-json\/wp\/v2\/users\/13"}],"replies":[{"embeddable":true,"href":"https:\/\/eye-track-sport.com\/de\/wp-json\/wp\/v2\/comments?post=3966"}],"version-history":[{"count":4,"href":"https:\/\/eye-track-sport.com\/de\/wp-json\/wp\/v2\/pages\/3966\/revisions"}],"predecessor-version":[{"id":4069,"href":"https:\/\/eye-track-sport.com\/de\/wp-json\/wp\/v2\/pages\/3966\/revisions\/4069"}],"wp:attachment":[{"href":"https:\/\/eye-track-sport.com\/de\/wp-json\/wp\/v2\/media?parent=3966"}],"curies":[{"name":"wp","href":"https:\/\/api.w.org\/{rel}","templated":true}]}}