{"id":1078,"date":"2017-11-03T13:05:33","date_gmt":"2017-11-03T12:05:33","guid":{"rendered":"https:\/\/www.eye-track-sport.com\/es\/?page_id=1078"},"modified":"2021-09-26T18:34:46","modified_gmt":"2021-09-26T16:34:46","slug":"por-que","status":"publish","type":"page","link":"https:\/\/eye-track-sport.com\/es\/por-que\/","title":{"rendered":"Por qu\u00e9"},"content":{"rendered":"<div id='av_section_1'  class='avia-section av-av_section-43fa913dbbd7170bb5693496c11aa38b main_color avia-section-large avia-no-border-styling  avia-builder-el-0  el_before_av_masonry_gallery  avia-builder-el-first  avia-bg-style-scroll container_wrap sidebar_right'  ><div class='container av-section-cont-open' ><main  role=\"main\" itemprop=\"mainContentOfPage\"  class='template-page content  av-content-small alpha units'><div class='post-entry post-entry-type-page post-entry-1078'><div class='entry-content-wrapper clearfix'>\n\n<style type=\"text\/css\" data-created_by=\"avia_inline_auto\" id=\"style-css-av-av_heading-556ce3d21bd6ab8c678395b4d82fff48\">\n#top .av-special-heading.av-av_heading-556ce3d21bd6ab8c678395b4d82fff48{\npadding-bottom:30px;\nfont-size:70px;\n}\nbody .av-special-heading.av-av_heading-556ce3d21bd6ab8c678395b4d82fff48 .av-special-heading-tag .heading-char{\nfont-size:25px;\n}\n#top #wrap_all .av-special-heading.av-av_heading-556ce3d21bd6ab8c678395b4d82fff48 .av-special-heading-tag{\nfont-size:70px;\n}\n.av-special-heading.av-av_heading-556ce3d21bd6ab8c678395b4d82fff48 .av-subheading{\nfont-size:15px;\n}\n\n@media only screen and (min-width: 480px) and (max-width: 767px){ \n#top #wrap_all .av-special-heading.av-av_heading-556ce3d21bd6ab8c678395b4d82fff48 .av-special-heading-tag{\nfont-size:0.8em;\n}\n}\n\n@media only screen and (max-width: 479px){ \n#top #wrap_all .av-special-heading.av-av_heading-556ce3d21bd6ab8c678395b4d82fff48 .av-special-heading-tag{\nfont-size:0.8em;\n}\n}\n<\/style>\n<div  class='av-special-heading av-av_heading-556ce3d21bd6ab8c678395b4d82fff48 av-special-heading-h1 blockquote modern-quote  avia-builder-el-1  el_before_av_heading  avia-builder-el-first  av-thin-font av-inherit-size'><h1 class='av-special-heading-tag '  itemprop=\"headline\"  >\u00bfPor qu\u00e9 debo elegir <strong>EYE-TRACK?<\/strong><\/h1><div class=\"special-heading-border\"><div class=\"special-heading-inner-border\"><\/div><\/div><\/div>\n\n<style type=\"text\/css\" data-created_by=\"avia_inline_auto\" id=\"style-css-av-av_heading-e22920ec2e6220440fc65fa367e2f37d\">\n#top .av-special-heading.av-av_heading-e22920ec2e6220440fc65fa367e2f37d{\npadding-bottom:30px;\nfont-size:35px;\n}\nbody .av-special-heading.av-av_heading-e22920ec2e6220440fc65fa367e2f37d .av-special-heading-tag .heading-char{\nfont-size:25px;\n}\n#top #wrap_all .av-special-heading.av-av_heading-e22920ec2e6220440fc65fa367e2f37d .av-special-heading-tag{\nfont-size:35px;\n}\n.av-special-heading.av-av_heading-e22920ec2e6220440fc65fa367e2f37d .av-subheading{\nfont-size:15px;\n}\n\n@media only screen and (min-width: 480px) and (max-width: 767px){ \n#top #wrap_all .av-special-heading.av-av_heading-e22920ec2e6220440fc65fa367e2f37d .av-special-heading-tag{\nfont-size:0.8em;\n}\n}\n\n@media only screen and (max-width: 479px){ \n#top #wrap_all .av-special-heading.av-av_heading-e22920ec2e6220440fc65fa367e2f37d .av-special-heading-tag{\nfont-size:0.8em;\n}\n}\n<\/style>\n<div  class='av-special-heading av-av_heading-e22920ec2e6220440fc65fa367e2f37d av-special-heading-h1 blockquote modern-quote  avia-builder-el-2  el_after_av_heading  el_before_av_one_half  av-inherit-size'><h1 class='av-special-heading-tag '  itemprop=\"headline\"  >El principal problema de la videovigilancia es controlar todos los monitores<\/h1><div class=\"special-heading-border\"><div class=\"special-heading-inner-border\"><\/div><\/div><\/div>\n\n<style type=\"text\/css\" data-created_by=\"avia_inline_auto\" id=\"style-css-av-av_one_half-6126cab7d8fab8d08143dd2dacdf673c\">\n.flex_column.av-av_one_half-6126cab7d8fab8d08143dd2dacdf673c{\nborder-radius:0px 0px 0px 0px;\npadding:0px 0px 0px 0px;\n}\n<\/style>\n<div  class='flex_column av-av_one_half-6126cab7d8fab8d08143dd2dacdf673c av_one_half  avia-builder-el-3  el_after_av_heading  el_before_av_one_half  first flex_column_div av-zero-column-padding  '     ><p>\n<style type=\"text\/css\" data-created_by=\"avia_inline_auto\" id=\"style-css-av-av_textblock-821bdbcefc7b6037fa33c1ca5a1584d5\">\n#top .av_textblock_section.av-av_textblock-821bdbcefc7b6037fa33c1ca5a1584d5 .avia_textblock{\ncolor:#333333;\n}\n<\/style>\n<section  class='av_textblock_section av-av_textblock-821bdbcefc7b6037fa33c1ca5a1584d5 '   itemscope=\"itemscope\" itemtype=\"https:\/\/schema.org\/CreativeWork\" ><div class='avia_textblock av_inherit_color'  itemprop=\"text\" ><p><strong>EYE-TRACK RESUELVE UN GRAN PROBLEMA QUE ENFRENTAN LOS PILOTOS Y LOS ADMINSTRADORES DE PISTA. <\/strong><\/p>\n<p>EYE-TRACK es un sistema de monitoreo electr\u00f3nico que protege tanto al piloto como al administrador de la pista, ya que es la mejor herramienta para permitir que el administrador de la pista prevenga y administre con eficacia los accidentes.<\/p>\n<\/div><\/section><br \/>\n\n<style type=\"text\/css\" data-created_by=\"avia_inline_auto\" id=\"style-css-av-av_hr-5ea7596238ed9f191e6b5e662093052f\">\n#top .hr.hr-invisible.av-av_hr-5ea7596238ed9f191e6b5e662093052f{\nheight:30px;\n}\n<\/style>\n<div  class='hr av-av_hr-5ea7596238ed9f191e6b5e662093052f hr-invisible  avia-builder-el-5  el_after_av_textblock  el_before_av_button '><span class='hr-inner '><span class=\"hr-inner-style\"><\/span><\/span><\/div><br \/>\n<div  class='avia-button-wrap av-av_button-a546c6f91395424066998b162f37494b-wrap avia-button-left  avia-builder-el-6  el_after_av_hr  avia-builder-el-last '><a href='https:\/\/eye-track-sport.com\/eye-track\/'  class='avia-button av-av_button-a546c6f91395424066998b162f37494b av-link-btn avia-icon_select-yes-right-icon avia-size-large avia-position-left av-icon-on-hover avia-color-theme-color'   aria-label=\"COS\u2018E\u2019 EYE-TRACK\"><span class='avia_iconbox_title' >COS\u2018E\u2019 EYE-TRACK<\/span><span class='avia_button_icon avia_button_icon_right' aria-hidden='true' data-av_icon='\ue879' data-av_iconfont='entypo-fontello'><\/span><\/a><\/div><\/p><\/div>\n<style type=\"text\/css\" data-created_by=\"avia_inline_auto\" id=\"style-css-av-av_one_half-0aa7055fe62c3622faec82866afbaeb2\">\n.flex_column.av-av_one_half-0aa7055fe62c3622faec82866afbaeb2{\nborder-radius:0px 0px 0px 0px;\npadding:0px 0px 0px 0px;\n}\n<\/style>\n<div  class='flex_column av-av_one_half-0aa7055fe62c3622faec82866afbaeb2 av_one_half  avia-builder-el-7  el_after_av_one_half  avia-builder-el-last  flex_column_div av-zero-column-padding  '     ><section  class='av_textblock_section av-av_textblock-2de302bf1aa3cf4c9157dbe6f50ac7eb '   itemscope=\"itemscope\" itemtype=\"https:\/\/schema.org\/CreativeWork\" ><div class='avia_textblock'  itemprop=\"text\" ><p><strong>\u00bfCu\u00e1ntas veces ha sido atropellado un piloto porque se detuvo o se cay\u00f3 en un punto ciego?<\/strong><br \/>\nEYE-TRACK informa tanto al piloto como al administrador de la pista si alguien se ha detenido en alguna parte de la pista donde no deber\u00eda estar.<\/p>\n<p class=\"p1\">La innovaci\u00f3n tecnol\u00f3gica ha resuelto un problema serio que ocurre durante las sesiones de entrenamiento, cuando un mariscal de pista no est\u00e1 presente en cada punto ciego para asegurar la seguridad de los pilotos.<\/p>\n<\/div><\/section><\/div>\n<style type=\"text\/css\" data-created_by=\"avia_inline_auto\" id=\"style-css-av-av_masonry_gallery-38561eeb9879f2b8d00cab0a2e60886e\">\n#top .av-masonry.av-av_masonry_gallery-38561eeb9879f2b8d00cab0a2e60886e{\nbackground-color:#191919;\n}\n<\/style>\n<div id='av-masonry-1' class='av-masonry av-av_masonry_gallery-38561eeb9879f2b8d00cab0a2e60886e noHover av-fixed-size av-large-gap av-hover-overlay-active av-masonry-animation-active av-masonry-col-4 av-caption-always av-caption-style- av-masonry-gallery ' data-post_id=\"1078\"><div class=\"av-masonry-container isotope av-js-disabled\"><div class='av-masonry-entry isotope-item av-masonry-item-no-image '><\/div><a href=\"https:\/\/eye-track-sport.com\/wp-content\/uploads\/2016\/05\/gallery-1.jpg\" data-srcset=\"https:\/\/eye-track-sport.com\/wp-content\/uploads\/2016\/05\/gallery-1.jpg 576w, https:\/\/eye-track-sport.com\/wp-content\/uploads\/2016\/05\/gallery-1-300x225.jpg 300w, https:\/\/eye-track-sport.com\/wp-content\/uploads\/2016\/05\/gallery-1-450x338.jpg 450w\" data-sizes=\"(max-width: 576px) 100vw, 576px\"  aria-label=\"image gallery 1\"  id='av-masonry-1-item-2507' data-av-masonry-item='2507' class='av-masonry-entry isotope-item post-2507 attachment type-attachment status-inherit hentry  av-masonry-item-with-image' title=\"gallery 1\" alt=\"\"    itemprop=\"thumbnailUrl\" ><div class='av-inner-masonry-sizer'><\/div><figure class='av-inner-masonry main_color'><div class=\"av-masonry-outerimage-container\"><div class='av-masonry-image-container' style=\"background-image: url(https:\/\/eye-track-sport.com\/wp-content\/uploads\/2016\/05\/gallery-1.jpg);\"  title=\"gallery 1\" ><\/div><\/div><\/figure><\/a><!--end av-masonry entry--><a href=\"https:\/\/eye-track-sport.com\/wp-content\/uploads\/2016\/05\/gallery-2.jpg\" data-srcset=\"https:\/\/eye-track-sport.com\/wp-content\/uploads\/2016\/05\/gallery-2.jpg 576w, https:\/\/eye-track-sport.com\/wp-content\/uploads\/2016\/05\/gallery-2-300x225.jpg 300w, https:\/\/eye-track-sport.com\/wp-content\/uploads\/2016\/05\/gallery-2-450x338.jpg 450w\" data-sizes=\"(max-width: 576px) 100vw, 576px\"  aria-label=\"image gallery 2\"  id='av-masonry-1-item-2512' data-av-masonry-item='2512' class='av-masonry-entry isotope-item post-2512 attachment type-attachment status-inherit hentry  av-masonry-item-with-image' title=\"gallery 2\" alt=\"\"    itemprop=\"thumbnailUrl\" ><div class='av-inner-masonry-sizer'><\/div><figure class='av-inner-masonry main_color'><div class=\"av-masonry-outerimage-container\"><div class='av-masonry-image-container' style=\"background-image: url(https:\/\/eye-track-sport.com\/wp-content\/uploads\/2016\/05\/gallery-2.jpg);\"  title=\"gallery 2\" ><\/div><\/div><\/figure><\/a><!--end av-masonry entry--><a href=\"https:\/\/eye-track-sport.com\/wp-content\/uploads\/2016\/05\/gallery-3-1.jpg\" data-srcset=\"https:\/\/eye-track-sport.com\/wp-content\/uploads\/2016\/05\/gallery-3-1.jpg 576w, https:\/\/eye-track-sport.com\/wp-content\/uploads\/2016\/05\/gallery-3-1-300x225.jpg 300w, https:\/\/eye-track-sport.com\/wp-content\/uploads\/2016\/05\/gallery-3-1-450x338.jpg 450w\" data-sizes=\"(max-width: 576px) 100vw, 576px\"  aria-label=\"image gallery 3\"  id='av-masonry-1-item-2527' data-av-masonry-item='2527' class='av-masonry-entry isotope-item post-2527 attachment type-attachment status-inherit hentry  av-masonry-item-with-image' title=\"gallery 3\" alt=\"\"    itemprop=\"thumbnailUrl\" ><div class='av-inner-masonry-sizer'><\/div><figure class='av-inner-masonry main_color'><div class=\"av-masonry-outerimage-container\"><div class='av-masonry-image-container' style=\"background-image: url(https:\/\/eye-track-sport.com\/wp-content\/uploads\/2016\/05\/gallery-3-1.jpg);\"  title=\"gallery 3\" ><\/div><\/div><\/figure><\/a><!--end av-masonry entry--><a href=\"https:\/\/eye-track-sport.com\/wp-content\/uploads\/2016\/05\/gallery-4-1.jpg\" data-srcset=\"https:\/\/eye-track-sport.com\/wp-content\/uploads\/2016\/05\/gallery-4-1.jpg 576w, https:\/\/eye-track-sport.com\/wp-content\/uploads\/2016\/05\/gallery-4-1-300x225.jpg 300w, https:\/\/eye-track-sport.com\/wp-content\/uploads\/2016\/05\/gallery-4-1-450x338.jpg 450w\" data-sizes=\"(max-width: 576px) 100vw, 576px\"  aria-label=\"image gallery 4\"  id='av-masonry-1-item-2532' data-av-masonry-item='2532' class='av-masonry-entry isotope-item post-2532 attachment type-attachment status-inherit hentry  av-masonry-item-with-image' title=\"gallery 4\" alt=\"\"    itemprop=\"thumbnailUrl\" ><div class='av-inner-masonry-sizer'><\/div><figure class='av-inner-masonry main_color'><div class=\"av-masonry-outerimage-container\"><div class='av-masonry-image-container' style=\"background-image: url(https:\/\/eye-track-sport.com\/wp-content\/uploads\/2016\/05\/gallery-4-1.jpg);\"  title=\"gallery 4\" ><\/div><\/div><\/figure><\/a><!--end av-masonry entry--><\/div><\/div><\/p>\n<div id='av-layout-grid-1'  class='av-layout-grid-container av-av_layout_row-1d8317cbdefe95838b8a91a9294aba61 entry-content-wrapper alternate_color av-flex-cells  avia-builder-el-10  el_after_av_masonry_gallery  el_before_av_one_half  grid-row-not-first  container_wrap sidebar_right'  >\n\n<style type=\"text\/css\" data-created_by=\"avia_inline_auto\" id=\"style-css-av-av_cell_one_half-c1cd18e52d198d210c9bd8bb70960134\">\n.flex_cell.av-av_cell_one_half-c1cd18e52d198d210c9bd8bb70960134{\nvertical-align:middle;\nbackground:url(https:\/\/eye-track-sport.com\/wp-content\/uploads\/2016\/02\/slide-eyetrack-2-1030x433.jpg) 0% 50% no-repeat scroll ;\n}\n.responsive #top #wrap_all .flex_cell.av-av_cell_one_half-c1cd18e52d198d210c9bd8bb70960134{\npadding:0px 0px 0px 0px !important;\n}\n<\/style>\n<div class='flex_cell av-av_cell_one_half-c1cd18e52d198d210c9bd8bb70960134 av-gridrow-cell av_one_half no_margin  avia-builder-el-11  el_before_av_cell_one_half  avia-builder-el-first  av-zero-padding avia-full-stretch'  ><div class='flex_cell_inner'><\/div><\/div>\n<style type=\"text\/css\" data-created_by=\"avia_inline_auto\" id=\"style-css-av-av_cell_one_half-d1e1fa2911d5b957e8156bb6559aa850\">\n.flex_cell.av-av_cell_one_half-d1e1fa2911d5b957e8156bb6559aa850{\nvertical-align:middle;\n}\n.responsive #top #wrap_all .flex_cell.av-av_cell_one_half-d1e1fa2911d5b957e8156bb6559aa850{\npadding:100px 100px 100px 100px !important;\n}\n<\/style>\n<div class='flex_cell av-av_cell_one_half-d1e1fa2911d5b957e8156bb6559aa850 av-gridrow-cell av_one_half no_margin  avia-builder-el-12  el_after_av_cell_one_half  avia-builder-el-last '  ><div class='flex_cell_inner'><p>\n<style type=\"text\/css\" data-created_by=\"avia_inline_auto\" id=\"style-css-av-av_heading-9b7bdfa2397ba513fa80c6a472bf81a7\">\n#top .av-special-heading.av-av_heading-9b7bdfa2397ba513fa80c6a472bf81a7{\npadding-bottom:20px;\nfont-size:50px;\n}\nbody .av-special-heading.av-av_heading-9b7bdfa2397ba513fa80c6a472bf81a7 .av-special-heading-tag .heading-char{\nfont-size:25px;\n}\n#top #wrap_all .av-special-heading.av-av_heading-9b7bdfa2397ba513fa80c6a472bf81a7 .av-special-heading-tag{\nfont-size:50px;\n}\n.av-special-heading.av-av_heading-9b7bdfa2397ba513fa80c6a472bf81a7 .av-subheading{\nfont-size:15px;\n}\n\n@media only screen and (min-width: 480px) and (max-width: 767px){ \n#top #wrap_all .av-special-heading.av-av_heading-9b7bdfa2397ba513fa80c6a472bf81a7 .av-special-heading-tag{\nfont-size:0.8em;\n}\n}\n\n@media only screen and (max-width: 479px){ \n#top #wrap_all .av-special-heading.av-av_heading-9b7bdfa2397ba513fa80c6a472bf81a7 .av-special-heading-tag{\nfont-size:0.8em;\n}\n}\n<\/style>\n<div  class='av-special-heading av-av_heading-9b7bdfa2397ba513fa80c6a472bf81a7 av-special-heading-h1 blockquote modern-quote  avia-builder-el-13  el_before_av_textblock  avia-builder-el-first  av-thin-font av-inherit-size'><h1 class='av-special-heading-tag '  itemprop=\"headline\"  >Evite el peligro en los puntos <strong>ciegos.<\/strong><\/h1><div class=\"special-heading-border\"><div class=\"special-heading-inner-border\"><\/div><\/div><\/div><br \/>\n<section  class='av_textblock_section av-av_textblock-2de302bf1aa3cf4c9157dbe6f50ac7eb '   itemscope=\"itemscope\" itemtype=\"https:\/\/schema.org\/CreativeWork\" ><div class='avia_textblock'  itemprop=\"text\" ><p>El 35% de los accidentes ocurren en puntos ciegos, donde ca\u00eddas simples causan accidentes extremadamente graves.<br \/>\nEYE-TRACK ha sido dise\u00f1ado para evitar estas situaciones.<\/p>\n<\/div><\/section><\/p>\n<\/div><\/div>\n<\/div><div id='after_grid_row_1'  class='main_color av_default_container_wrap container_wrap sidebar_right'  ><div class='container av-section-cont-open' ><div class='template-page content  av-content-small alpha units'><div class='post-entry post-entry-type-page post-entry-1078'><div class='entry-content-wrapper clearfix'>\n\n<style type=\"text\/css\" data-created_by=\"avia_inline_auto\" id=\"style-css-av-av_one_half-6126cab7d8fab8d08143dd2dacdf673c\">\n.flex_column.av-av_one_half-6126cab7d8fab8d08143dd2dacdf673c{\nborder-radius:0px 0px 0px 0px;\npadding:0px 0px 0px 0px;\n}\n<\/style>\n<div  class='flex_column av-av_one_half-6126cab7d8fab8d08143dd2dacdf673c av_one_half  avia-builder-el-15  el_after_av_layout_row  el_before_av_one_half  avia-builder-el-first  first flex_column_div av-zero-column-padding  '     ><style type=\"text\/css\" data-created_by=\"avia_inline_auto\" id=\"style-css-av-av_textblock-821bdbcefc7b6037fa33c1ca5a1584d5\">\n#top .av_textblock_section.av-av_textblock-821bdbcefc7b6037fa33c1ca5a1584d5 .avia_textblock{\ncolor:#333333;\n}\n<\/style>\n<section  class='av_textblock_section av-av_textblock-821bdbcefc7b6037fa33c1ca5a1584d5 '   itemscope=\"itemscope\" itemtype=\"https:\/\/schema.org\/CreativeWork\" ><div class='avia_textblock av_inherit_color'  itemprop=\"text\" ><p class=\"p1\"><strong>EYE-TRACK LE PERMITE REDUCIR LOS COSTES DE SEGURIDAD<\/strong><\/p>\n<p class=\"p1\"><span class=\"s1\">El sistema de monitoreo electr\u00f3nico<strong> EYE-TRACK<\/strong> ha sido dise\u00f1ado para asegurar altos niveles de seguridad en instalaciones deportivas que no pueden permitirse el costo de los mariscales de pista en cada <strong>punto ciego<\/strong>. EYE-TRACK permite a todas las instalaciones deportivas ahorrar hasta un 95% en<strong> informar a los pilotos de situaciones peligrosas en puntos ciegos<\/strong>. <\/span><\/p>\n<\/div><\/section><br \/>\n\n<style type=\"text\/css\" data-created_by=\"avia_inline_auto\" id=\"style-css-av-av_textblock-821bdbcefc7b6037fa33c1ca5a1584d5\">\n#top .av_textblock_section.av-av_textblock-821bdbcefc7b6037fa33c1ca5a1584d5 .avia_textblock{\ncolor:#333333;\n}\n<\/style>\n<section  class='av_textblock_section av-av_textblock-821bdbcefc7b6037fa33c1ca5a1584d5 '   itemscope=\"itemscope\" itemtype=\"https:\/\/schema.org\/CreativeWork\" ><div class='avia_textblock av_inherit_color'  itemprop=\"text\" ><p class=\"p1\"><strong>EYE-TRACK ES UN VALOR AGREGADO AL DEPORTE <\/strong><\/p>\n<p class=\"p1\">Un <strong>mayor nivel de seguridad<\/strong> ayuda a los atletas y deportistas a desarrollar su pasi\u00f3n por el motocross y otros deportes de motor.<\/p>\n<p class=\"p1\"><span class=\"s1\"><strong>Aumenta la seguridad en las pistas<\/strong> y permite a los pilotos mejorar el rendimiento.\u00a0<\/span><\/p>\n<\/div><\/section><\/p><\/div>\n\n<style type=\"text\/css\" data-created_by=\"avia_inline_auto\" id=\"style-css-av-av_one_half-0aa7055fe62c3622faec82866afbaeb2\">\n.flex_column.av-av_one_half-0aa7055fe62c3622faec82866afbaeb2{\nborder-radius:0px 0px 0px 0px;\npadding:0px 0px 0px 0px;\n}\n<\/style>\n<div  class='flex_column av-av_one_half-0aa7055fe62c3622faec82866afbaeb2 av_one_half  avia-builder-el-18  el_after_av_one_half  avia-builder-el-last  flex_column_div av-zero-column-padding  '     ><style type=\"text\/css\" data-created_by=\"avia_inline_auto\" id=\"style-css-av-av_textblock-821bdbcefc7b6037fa33c1ca5a1584d5\">\n#top .av_textblock_section.av-av_textblock-821bdbcefc7b6037fa33c1ca5a1584d5 .avia_textblock{\ncolor:#333333;\n}\n<\/style>\n<section  class='av_textblock_section av-av_textblock-821bdbcefc7b6037fa33c1ca5a1584d5 '   itemscope=\"itemscope\" itemtype=\"https:\/\/schema.org\/CreativeWork\" ><div class='avia_textblock av_inherit_color'  itemprop=\"text\" ><p class=\"p1\"><strong>EYE-TRACK HACE EL TRABAJO EN LA PISTA M\u00c1S F\u00c1CIL <\/strong><\/p>\n<p class=\"p1\">EYE-TRACK permite al administrador de pistas supervisar lo que est\u00e1 sucediendo en la pista de motocross cuando los pilotos est\u00e1n entrenando, lo que <strong>facilita el seguimiento de las sesiones de entrenamiento<\/strong>.<\/p>\n<p class=\"p1\">EYE-TRACK tambi\u00e9n ayuda al administrador de la pista durante las operaciones de mantenimiento, permiti\u00e9ndoles tambi\u00e9n <strong>observar las condiciones de la pista<\/strong> cuando est\u00e1 cerrada.<\/p>\n<\/div><\/section><\/div>\n","protected":false},"excerpt":{"rendered":"","protected":false},"author":13,"featured_media":0,"parent":0,"menu_order":0,"comment_status":"closed","ping_status":"closed","template":"","meta":{"footnotes":""},"class_list":["post-1078","page","type-page","status-publish","hentry"],"yoast_head":"<!-- This site is optimized with the Yoast SEO plugin v26.8 - https:\/\/yoast.com\/product\/yoast-seo-wordpress\/ -->\n<title>Por qu\u00e9<\/title>\n<meta name=\"robots\" content=\"index, follow, max-snippet:-1, max-image-preview:large, max-video-preview:-1\" \/>\n<link rel=\"canonical\" href=\"http:\/\/eye-track-sport.com\/perche-eye-track\/\" \/>\n<meta property=\"og:locale\" content=\"es_ES\" \/>\n<meta property=\"og:type\" content=\"article\" \/>\n<meta property=\"og:title\" content=\"Por qu\u00e9\" \/>\n<meta property=\"og:url\" content=\"http:\/\/eye-track-sport.com\/perche-eye-track\/\" \/>\n<meta property=\"og:site_name\" content=\"EYE-TRACK\" \/>\n<meta property=\"article:modified_time\" content=\"2021-09-26T16:34:46+00:00\" \/>\n<meta name=\"twitter:card\" content=\"summary_large_image\" \/>\n<meta name=\"twitter:label1\" content=\"Tiempo de lectura\" \/>\n\t<meta name=\"twitter:data1\" content=\"6 minutos\" \/>\n<script type=\"application\/ld+json\" class=\"yoast-schema-graph\">{\"@context\":\"https:\/\/schema.org\",\"@graph\":[{\"@type\":\"WebPage\",\"@id\":\"http:\/\/eye-track-sport.com\/perche-eye-track\/\",\"url\":\"http:\/\/eye-track-sport.com\/perche-eye-track\/\",\"name\":\"Por qu\u00e9\",\"isPartOf\":{\"@id\":\"https:\/\/eye-track-sport.com\/en\/#website\"},\"datePublished\":\"2017-11-03T12:05:33+00:00\",\"dateModified\":\"2021-09-26T16:34:46+00:00\",\"breadcrumb\":{\"@id\":\"http:\/\/eye-track-sport.com\/perche-eye-track\/#breadcrumb\"},\"inLanguage\":\"es\",\"potentialAction\":[{\"@type\":\"ReadAction\",\"target\":[\"http:\/\/eye-track-sport.com\/perche-eye-track\/\"]}]},{\"@type\":\"BreadcrumbList\",\"@id\":\"http:\/\/eye-track-sport.com\/perche-eye-track\/#breadcrumb\",\"itemListElement\":[{\"@type\":\"ListItem\",\"position\":1,\"name\":\"Home\",\"item\":\"https:\/\/eye-track-sport.com\/es\/welcome\/\"},{\"@type\":\"ListItem\",\"position\":2,\"name\":\"Por qu\u00e9\"}]},{\"@type\":\"WebSite\",\"@id\":\"https:\/\/eye-track-sport.com\/en\/#website\",\"url\":\"https:\/\/eye-track-sport.com\/en\/\",\"name\":\"EYE-TRACK\",\"description\":\"artificial intelligence for safety in sport and public environment\",\"potentialAction\":[{\"@type\":\"SearchAction\",\"target\":{\"@type\":\"EntryPoint\",\"urlTemplate\":\"https:\/\/eye-track-sport.com\/en\/?s={search_term_string}\"},\"query-input\":{\"@type\":\"PropertyValueSpecification\",\"valueRequired\":true,\"valueName\":\"search_term_string\"}}],\"inLanguage\":\"es\"}]}<\/script>\n<!-- \/ Yoast SEO plugin. -->","yoast_head_json":{"title":"Por qu\u00e9","robots":{"index":"index","follow":"follow","max-snippet":"max-snippet:-1","max-image-preview":"max-image-preview:large","max-video-preview":"max-video-preview:-1"},"canonical":"http:\/\/eye-track-sport.com\/perche-eye-track\/","og_locale":"es_ES","og_type":"article","og_title":"Por qu\u00e9","og_url":"http:\/\/eye-track-sport.com\/perche-eye-track\/","og_site_name":"EYE-TRACK","article_modified_time":"2021-09-26T16:34:46+00:00","twitter_card":"summary_large_image","twitter_misc":{"Tiempo de lectura":"6 minutos"},"schema":{"@context":"https:\/\/schema.org","@graph":[{"@type":"WebPage","@id":"http:\/\/eye-track-sport.com\/perche-eye-track\/","url":"http:\/\/eye-track-sport.com\/perche-eye-track\/","name":"Por qu\u00e9","isPartOf":{"@id":"https:\/\/eye-track-sport.com\/en\/#website"},"datePublished":"2017-11-03T12:05:33+00:00","dateModified":"2021-09-26T16:34:46+00:00","breadcrumb":{"@id":"http:\/\/eye-track-sport.com\/perche-eye-track\/#breadcrumb"},"inLanguage":"es","potentialAction":[{"@type":"ReadAction","target":["http:\/\/eye-track-sport.com\/perche-eye-track\/"]}]},{"@type":"BreadcrumbList","@id":"http:\/\/eye-track-sport.com\/perche-eye-track\/#breadcrumb","itemListElement":[{"@type":"ListItem","position":1,"name":"Home","item":"https:\/\/eye-track-sport.com\/es\/welcome\/"},{"@type":"ListItem","position":2,"name":"Por qu\u00e9"}]},{"@type":"WebSite","@id":"https:\/\/eye-track-sport.com\/en\/#website","url":"https:\/\/eye-track-sport.com\/en\/","name":"EYE-TRACK","description":"artificial intelligence for safety in sport and public environment","potentialAction":[{"@type":"SearchAction","target":{"@type":"EntryPoint","urlTemplate":"https:\/\/eye-track-sport.com\/en\/?s={search_term_string}"},"query-input":{"@type":"PropertyValueSpecification","valueRequired":true,"valueName":"search_term_string"}}],"inLanguage":"es"}]}},"_links":{"self":[{"href":"https:\/\/eye-track-sport.com\/es\/wp-json\/wp\/v2\/pages\/1078","targetHints":{"allow":["GET"]}}],"collection":[{"href":"https:\/\/eye-track-sport.com\/es\/wp-json\/wp\/v2\/pages"}],"about":[{"href":"https:\/\/eye-track-sport.com\/es\/wp-json\/wp\/v2\/types\/page"}],"author":[{"embeddable":true,"href":"https:\/\/eye-track-sport.com\/es\/wp-json\/wp\/v2\/users\/13"}],"replies":[{"embeddable":true,"href":"https:\/\/eye-track-sport.com\/es\/wp-json\/wp\/v2\/comments?post=1078"}],"version-history":[{"count":4,"href":"https:\/\/eye-track-sport.com\/es\/wp-json\/wp\/v2\/pages\/1078\/revisions"}],"predecessor-version":[{"id":2376,"href":"https:\/\/eye-track-sport.com\/es\/wp-json\/wp\/v2\/pages\/1078\/revisions\/2376"}],"wp:attachment":[{"href":"https:\/\/eye-track-sport.com\/es\/wp-json\/wp\/v2\/media?parent=1078"}],"curies":[{"name":"wp","href":"https:\/\/api.w.org\/{rel}","templated":true}]}}