{"id":1080,"date":"2017-11-03T13:14:11","date_gmt":"2017-11-03T12:14:11","guid":{"rendered":"https:\/\/www.eye-track-sport.com\/es\/?page_id=1080"},"modified":"2026-04-08T14:59:34","modified_gmt":"2026-04-08T12:59:34","slug":"contactenos","status":"publish","type":"page","link":"https:\/\/eye-track-sport.com\/es\/contactenos\/","title":{"rendered":"Cont\u00e1ctenos"},"content":{"rendered":"<div id='av_section_1'  class='avia-section av-yljwy0-47a2fa00128e5a568cf2186e63f62fde main_color avia-section-large avia-no-border-styling  avia-builder-el-0  el_before_av_section  avia-builder-el-first  avia-bg-style-scroll container_wrap sidebar_right'  ><div class='container av-section-cont-open' ><main  role=\"main\" itemprop=\"mainContentOfPage\"  class='template-page content  av-content-small alpha units'><div class='post-entry post-entry-type-page post-entry-1080'><div class='entry-content-wrapper clearfix'>\n\n<style type=\"text\/css\" data-created_by=\"avia_inline_auto\" id=\"style-css-av-x1cdq0-75f4d4f481f4e3cb8602a1e08579d02d\">\n#top .av-special-heading.av-x1cdq0-75f4d4f481f4e3cb8602a1e08579d02d{\npadding-bottom:30px;\nfont-size:70px;\n}\nbody .av-special-heading.av-x1cdq0-75f4d4f481f4e3cb8602a1e08579d02d .av-special-heading-tag .heading-char{\nfont-size:25px;\n}\n#top #wrap_all .av-special-heading.av-x1cdq0-75f4d4f481f4e3cb8602a1e08579d02d .av-special-heading-tag{\nfont-size:70px;\n}\n.av-special-heading.av-x1cdq0-75f4d4f481f4e3cb8602a1e08579d02d .av-subheading{\nfont-size:15px;\n}\n\n@media only screen and (min-width: 480px) and (max-width: 767px){ \n#top #wrap_all .av-special-heading.av-x1cdq0-75f4d4f481f4e3cb8602a1e08579d02d .av-special-heading-tag{\nfont-size:0.8em;\n}\n}\n\n@media only screen and (max-width: 479px){ \n#top #wrap_all .av-special-heading.av-x1cdq0-75f4d4f481f4e3cb8602a1e08579d02d .av-special-heading-tag{\nfont-size:0.8em;\n}\n}\n<\/style>\n<div  class='av-special-heading av-x1cdq0-75f4d4f481f4e3cb8602a1e08579d02d av-special-heading-h1 blockquote modern-quote  avia-builder-el-1  el_before_av_two_fifth  avia-builder-el-first  av-thin-font av-inherit-size'><h1 class='av-special-heading-tag '  itemprop=\"headline\"  >Cont\u00e1ctenos<strong>.<\/strong><\/h1><div class=\"special-heading-border\"><div class=\"special-heading-inner-border\"><\/div><\/div><\/div>\n\n<style type=\"text\/css\" data-created_by=\"avia_inline_auto\" id=\"style-css-av-u2ud14-f17f16d16f107621a3ffdce0bbc00e6b\">\n.flex_column.av-u2ud14-f17f16d16f107621a3ffdce0bbc00e6b{\nborder-radius:0px 0px 0px 0px;\npadding:0px 0px 0px 0px;\n}\n<\/style>\n<div  class='flex_column av-u2ud14-f17f16d16f107621a3ffdce0bbc00e6b av_two_fifth  avia-builder-el-2  el_after_av_heading  el_before_av_three_fifth  first flex_column_div av-zero-column-padding  '     ><section  class='av_textblock_section av-t5n0mg-e40753989a1cb2cdc72200c6df99aa49 '   itemscope=\"itemscope\" itemtype=\"https:\/\/schema.org\/CreativeWork\" ><div class='avia_textblock'  itemprop=\"text\" ><p>Descubre <strong>EYE-TRACK<\/strong>, el sistema de vigilancia de pistas de motocross que te permite monitorear todo tipo de pistas en tiempo real, las 24 horas del d\u00eda.<\/p>\n<p>\u00a1El ojo electr\u00f3nico es sin\u00f3nimo de seguridad, eficiencia y reducci\u00f3n de costes de mantenimiento gracias a una tecnolog\u00eda \u00fanica y de vanguardia!<\/p>\n<\/div><\/section><\/div>\n<style type=\"text\/css\" data-created_by=\"avia_inline_auto\" id=\"style-css-av-rd678o-610e16e192fee0434c85af263c66c89b\">\n.flex_column.av-rd678o-610e16e192fee0434c85af263c66c89b{\nborder-radius:0px 0px 0px 0px;\npadding:0px 0px 0px 0px;\n}\n<\/style>\n<div  class='flex_column av-rd678o-610e16e192fee0434c85af263c66c89b av_three_fifth  avia-builder-el-4  el_after_av_two_fifth  avia-builder-el-last  flex_column_div av-zero-column-padding  '     ><section  class='av_textblock_section av-m6s2ktqa-13c3f135b8b72d96d88249864fa5d22a '   itemscope=\"itemscope\" itemtype=\"https:\/\/schema.org\/CreativeWork\" ><div class='avia_textblock'  itemprop=\"text\" ><p><strong>Light-Speed S.r.l.<\/strong><br \/>\nCompany subject to the management and coordination of Calzavara S.r.l. \u2013 societ\u00e0 unipersonale<\/p>\n<p>Via Ulisse Nurzia n. 1<br \/>\n67100 L&#8217;Aquila<\/p>\n<p>Tel. +39 0432 84381<\/p>\n<\/div><\/section><\/div><\/div><\/div><\/main><!-- close content main element --><\/div><\/div>\n<style type=\"text\/css\" data-created_by=\"avia_inline_auto\" id=\"style-css-av-qdxzdk-01d5c223b25e8017a0b9308e3d1a4041\">\n.avia-section.av-qdxzdk-01d5c223b25e8017a0b9308e3d1a4041{\nbackground-repeat:no-repeat;\nbackground-image:url(https:\/\/eye-track-sport.com\/wp-content\/uploads\/2016\/05\/2.jpg);\nbackground-position:50% 50%;\nbackground-attachment:fixed;\n}\n.avia-section.av-qdxzdk-01d5c223b25e8017a0b9308e3d1a4041 .av-section-color-overlay{\nopacity:0.8;\nbackground-color:#000000;\n}\n<\/style>\n<div id='av_section_2'  class='avia-section av-qdxzdk-01d5c223b25e8017a0b9308e3d1a4041 alternate_color avia-section-huge avia-no-border-styling  avia-builder-el-6  el_after_av_section  avia-builder-el-last  avia-full-stretch avia-bg-style-fixed av-section-color-overlay-active container_wrap sidebar_right'  data-section-bg-repeat='stretch'><div class=\"av-section-color-overlay-wrap\"><div class=\"av-section-color-overlay\"><\/div><div class='container av-section-cont-open' ><div class='template-page content  av-content-small alpha units'><div class='post-entry post-entry-type-page post-entry-1080'><div class='entry-content-wrapper clearfix'>\n\n<style type=\"text\/css\" data-created_by=\"avia_inline_auto\" id=\"style-css-av-2elb20-c943d22f8506441923c095ce849038cd\">\n.flex_column.av-2elb20-c943d22f8506441923c095ce849038cd{\nborder-radius:0px 0px 0px 0px;\npadding:0px 0px 0px 0px;\n}\n<\/style>\n<div  class='flex_column av-2elb20-c943d22f8506441923c095ce849038cd av_three_fifth  avia-builder-el-7  el_before_av_two_fifth  avia-builder-el-first  first flex_column_div av-zero-column-padding  '     ><p>\n<style type=\"text\/css\" data-created_by=\"avia_inline_auto\" id=\"style-css-av-ms221k-cd260e9a31516d6d2c6717b3debeb58b\">\n#top .av-special-heading.av-ms221k-cd260e9a31516d6d2c6717b3debeb58b{\npadding-bottom:20px;\nfont-size:50px;\n}\nbody .av-special-heading.av-ms221k-cd260e9a31516d6d2c6717b3debeb58b .av-special-heading-tag .heading-char{\nfont-size:25px;\n}\n#top #wrap_all .av-special-heading.av-ms221k-cd260e9a31516d6d2c6717b3debeb58b .av-special-heading-tag{\nfont-size:50px;\n}\n.av-special-heading.av-ms221k-cd260e9a31516d6d2c6717b3debeb58b .av-subheading{\nfont-size:15px;\n}\n\n@media only screen and (min-width: 480px) and (max-width: 767px){ \n#top #wrap_all .av-special-heading.av-ms221k-cd260e9a31516d6d2c6717b3debeb58b .av-special-heading-tag{\nfont-size:0.8em;\n}\n}\n\n@media only screen and (max-width: 479px){ \n#top #wrap_all .av-special-heading.av-ms221k-cd260e9a31516d6d2c6717b3debeb58b .av-special-heading-tag{\nfont-size:0.8em;\n}\n}\n<\/style>\n<div  class='av-special-heading av-ms221k-cd260e9a31516d6d2c6717b3debeb58b av-special-heading-h1 blockquote modern-quote modern-centered  avia-builder-el-8  el_before_av_contact  avia-builder-el-first  av-thin-font av-inherit-size'><h1 class='av-special-heading-tag '  itemprop=\"headline\"  >Escribanos un mensaje<strong>.<\/strong><\/h1><div class=\"special-heading-border\"><div class=\"special-heading-inner-border\"><\/div><\/div><\/div><br \/>\n<form action=\"https:\/\/eye-track-sport.com\/es\/contactenos\/\" method=\"post\" data-fields-with-error=\"Found errors in the following field(s):\" class=\"avia_ajax_form av-form-labels-hidden   avia-builder-el-9  el_after_av_heading  avia-builder-el-last  av-custom-form-color av-light-form \" data-avia-form-id=\"1\" data-avia-redirect='' ><fieldset><p class='  first_form  form_element form_element_half' id='element_avia_1_1'><label for=\"avia_1_1\">Nombre<\/label> <input name=\"avia_1_1\" class=\"text_input \" type=\"text\" id=\"avia_1_1\" value=\"\"  placeholder='Nombre'\/><\/p><p class='  form_element form_element_half' id='element_avia_2_1'><label for=\"avia_2_1\">Direcci\u00f3n de correo electr\u00f3nico <abbr class=\"required\" title=\"requerido\">*<\/abbr><\/label> <input name=\"avia_2_1\" class=\"text_input is_email\" type=\"text\" id=\"avia_2_1\" value=\"\"  placeholder='Direcci\u00f3n de correo electr\u00f3nico*'\/><\/p><p class='  first_form  form_element form_fullwidth' id='element_avia_3_1'><label for=\"avia_3_1\">N\u00famero de tel\u00e9fono<\/label> <input name=\"avia_3_1\" class=\"text_input \" type=\"text\" id=\"avia_3_1\" value=\"\"  placeholder='N\u00famero de tel\u00e9fono'\/><\/p><p class='  first_form  form_element form_fullwidth' id='element_avia_4_1'><label for=\"avia_4_1\" class=\"textare_label hidden textare_label_avia_4_1\">Mensaje <abbr class=\"required\" title=\"requerido\">*<\/abbr><\/label><textarea  placeholder='Mensaje*' name=\"avia_4_1\" class=\"text_area is_empty\" cols=\"40\" rows=\"7\" id=\"avia_4_1\" ><\/textarea><\/p><p class='  first_form  form_element form_fullwidth' id='element_avia_5_1'><input  name=\"avia_5_1\" class=\"input_checkbox is_empty\" type=\"checkbox\" id=\"avia_5_1\" value=\"true\"\/><label class=\"input_checkbox_label\" for=\"avia_5_1\">He le\u00eddo y comprendido completamente la Pol\u00edtica de Privacidad <abbr class=\"required\" title=\"requerido\">*<\/abbr><\/label><\/p><p class='  first_form  form_element form_fullwidth' id='element_avia_6_1'><input  name=\"avia_6_1\" class=\"input_checkbox is_empty\" type=\"checkbox\" id=\"avia_6_1\" value=\"true\"\/><label class=\"input_checkbox_label\" for=\"avia_6_1\">Acepto los t\u00e9rminos de la Pol\u00edtica de Privacidad <abbr class=\"required\" title=\"requerido\">*<\/abbr><\/label><\/p><p class=\"hidden\"><input type=\"text\" name=\"avia_7_1\" class=\"hidden \" id=\"avia_7_1\" value=\"\" \/><\/p><p class='   form_element form_fullwidth' id='element_avia_8_1'><span class='value_verifier_label'>4 + 3 = ?<\/span><input name=\"avia_8_1_verifier\" type=\"hidden\" id=\"avia_8_1_verifier\" value=\"814767563\"\/><label for=\"avia_8_1\">Para mayor seguridad, responde la siguiente pregunta <abbr class=\"required\" title=\"requerido\">*<\/abbr><\/label><input name=\"avia_8_1\" class=\"text_input captcha\" type=\"text\" id=\"avia_8_1\" value=\"\"\/><\/p><p class=\"form_element \"><input type=\"hidden\" value=\"1\" name=\"avia_generated_form1\" \/><input type=\"submit\" value=\"Enviar\" class=\"button\"  data-sending-label=\"Enviando\"\/><\/p><\/fieldset><\/form><div id=\"ajaxresponse_1\" class=\"ajaxresponse ajaxresponse_1 hidden\"><\/div><\/p><\/div>\n<style type=\"text\/css\" data-created_by=\"avia_inline_auto\" id=\"style-css-av-ck7lnc-636ca6af67a945cef7fafd48aab3c9dc\">\n.flex_column.av-ck7lnc-636ca6af67a945cef7fafd48aab3c9dc{\nborder-radius:0px 0px 0px 0px;\npadding:0px 0px 0px 0px;\n}\n<\/style>\n<div  class='flex_column av-ck7lnc-636ca6af67a945cef7fafd48aab3c9dc av_two_fifth  avia-builder-el-10  el_after_av_three_fifth  avia-builder-el-last  flex_column_div av-zero-column-padding  '     ><p>\n<style type=\"text\/css\" data-created_by=\"avia_inline_auto\" id=\"style-css-av-avaqqw-d22036ee2626645462334bd077cd8a24\">\n#top .av-special-heading.av-avaqqw-d22036ee2626645462334bd077cd8a24{\npadding-bottom:20px;\nfont-size:50px;\n}\nbody .av-special-heading.av-avaqqw-d22036ee2626645462334bd077cd8a24 .av-special-heading-tag .heading-char{\nfont-size:25px;\n}\n#top #wrap_all .av-special-heading.av-avaqqw-d22036ee2626645462334bd077cd8a24 .av-special-heading-tag{\nfont-size:50px;\n}\n.av-special-heading.av-avaqqw-d22036ee2626645462334bd077cd8a24 .av-subheading{\nfont-size:15px;\n}\n\n@media only screen and (min-width: 480px) and (max-width: 767px){ \n#top #wrap_all .av-special-heading.av-avaqqw-d22036ee2626645462334bd077cd8a24 .av-special-heading-tag{\nfont-size:0.8em;\n}\n}\n\n@media only screen and (max-width: 479px){ \n#top #wrap_all .av-special-heading.av-avaqqw-d22036ee2626645462334bd077cd8a24 .av-special-heading-tag{\nfont-size:0.8em;\n}\n}\n<\/style>\n<div  class='av-special-heading av-avaqqw-d22036ee2626645462334bd077cd8a24 av-special-heading-h1 blockquote modern-quote modern-centered  avia-builder-el-11  el_before_av_textblock  avia-builder-el-first  av-thin-font av-inherit-size'><h1 class='av-special-heading-tag '  itemprop=\"headline\"  >Con\u00f3cenos<strong>.<\/strong><\/h1><div class=\"special-heading-border\"><div class=\"special-heading-inner-border\"><\/div><\/div><\/div><br \/>\n\n<style type=\"text\/css\" data-created_by=\"avia_inline_auto\" id=\"style-css-av-8ha8zc-5b4333f0352a763735a13138d7832ca4\">\n#top .av_textblock_section.av-8ha8zc-5b4333f0352a763735a13138d7832ca4 .avia_textblock{\ncolor:#ffffff;\n}\n<\/style>\n<section  class='av_textblock_section av-8ha8zc-5b4333f0352a763735a13138d7832ca4 '   itemscope=\"itemscope\" itemtype=\"https:\/\/schema.org\/CreativeWork\" ><div class='avia_textblock av_inherit_color'  itemprop=\"text\" ><p>Llene el formulario para recibir informaci\u00f3n sobre EYE-TRACK. Descubre ahora lo f\u00e1cil que es administrar la tecnolog\u00eda de nuestro sistema de vigilancia para pistas de motocross.<\/p>\n<p>EYE-TRACK le permite garantizar la seguridad en cada tipo de instalaci\u00f3n de deportes con motor: detecta puntos ciegos en la pista y si hay un accidente o una ca\u00edda, hay se\u00f1ales de luz intermitentes para informar a los pilotos mientras que una alarma alerta al administrador de la pista. Puede monitorizar su pista gracias a la aplicaci\u00f3n, que est\u00e1 disponible para tel\u00e9fonos m\u00f3viles, tabletas y pantallas de TV.<\/p>\n<p>Un sistema que es tecnol\u00f3gicamente avanzado y reduce los costes de funcionamiento en una pista mientras que la monitorea constantemente.<\/p>\n<p>\u00bfQuieres saber m\u00e1s? \u00a1Cont\u00e1ctanos ahora!<\/p>\n<\/div><\/section><\/p><\/div>\n<\/div><\/div><\/div><!-- close content main div --><\/div><\/div><\/div><div id='after_section_2'  class='main_color av_default_container_wrap container_wrap sidebar_right'  ><div class='container av-section-cont-open' ><div class='template-page content  av-content-small alpha units'><div class='post-entry post-entry-type-page post-entry-1080'><div class='entry-content-wrapper clearfix'><\/p>\n","protected":false},"excerpt":{"rendered":"","protected":false},"author":13,"featured_media":0,"parent":0,"menu_order":0,"comment_status":"closed","ping_status":"closed","template":"","meta":{"footnotes":""},"class_list":["post-1080","page","type-page","status-publish","hentry"],"yoast_head":"<!-- This site is optimized with the Yoast SEO plugin v26.8 - https:\/\/yoast.com\/product\/yoast-seo-wordpress\/ -->\n<title>Cont\u00e1ctenos<\/title>\n<meta name=\"robots\" content=\"index, follow, max-snippet:-1, max-image-preview:large, max-video-preview:-1\" \/>\n<link rel=\"canonical\" href=\"https:\/\/eye-track-sport.com\/es\/contactenos\/\" \/>\n<meta property=\"og:locale\" content=\"es_ES\" \/>\n<meta property=\"og:type\" content=\"article\" \/>\n<meta property=\"og:title\" content=\"Cont\u00e1ctenos\" \/>\n<meta property=\"og:url\" content=\"https:\/\/eye-track-sport.com\/es\/contactenos\/\" \/>\n<meta property=\"og:site_name\" content=\"EYE-TRACK\" \/>\n<meta property=\"article:modified_time\" content=\"2026-04-08T12:59:34+00:00\" \/>\n<meta name=\"twitter:card\" content=\"summary_large_image\" \/>\n<meta name=\"twitter:label1\" content=\"Tiempo de lectura\" \/>\n\t<meta name=\"twitter:data1\" content=\"2 minutos\" \/>\n<script type=\"application\/ld+json\" class=\"yoast-schema-graph\">{\"@context\":\"https:\/\/schema.org\",\"@graph\":[{\"@type\":\"WebPage\",\"@id\":\"https:\/\/eye-track-sport.com\/es\/contactenos\/\",\"url\":\"https:\/\/eye-track-sport.com\/es\/contactenos\/\",\"name\":\"Cont\u00e1ctenos\",\"isPartOf\":{\"@id\":\"https:\/\/eye-track-sport.com\/en\/#website\"},\"datePublished\":\"2017-11-03T12:14:11+00:00\",\"dateModified\":\"2026-04-08T12:59:34+00:00\",\"breadcrumb\":{\"@id\":\"https:\/\/eye-track-sport.com\/es\/contactenos\/#breadcrumb\"},\"inLanguage\":\"es\",\"potentialAction\":[{\"@type\":\"ReadAction\",\"target\":[\"https:\/\/eye-track-sport.com\/es\/contactenos\/\"]}]},{\"@type\":\"BreadcrumbList\",\"@id\":\"https:\/\/eye-track-sport.com\/es\/contactenos\/#breadcrumb\",\"itemListElement\":[{\"@type\":\"ListItem\",\"position\":1,\"name\":\"Home\",\"item\":\"https:\/\/eye-track-sport.com\/es\/welcome\/\"},{\"@type\":\"ListItem\",\"position\":2,\"name\":\"Cont\u00e1ctenos\"}]},{\"@type\":\"WebSite\",\"@id\":\"https:\/\/eye-track-sport.com\/en\/#website\",\"url\":\"https:\/\/eye-track-sport.com\/en\/\",\"name\":\"EYE-TRACK\",\"description\":\"artificial intelligence for safety in sport and public environment\",\"potentialAction\":[{\"@type\":\"SearchAction\",\"target\":{\"@type\":\"EntryPoint\",\"urlTemplate\":\"https:\/\/eye-track-sport.com\/en\/?s={search_term_string}\"},\"query-input\":{\"@type\":\"PropertyValueSpecification\",\"valueRequired\":true,\"valueName\":\"search_term_string\"}}],\"inLanguage\":\"es\"}]}<\/script>\n<!-- \/ Yoast SEO plugin. -->","yoast_head_json":{"title":"Cont\u00e1ctenos","robots":{"index":"index","follow":"follow","max-snippet":"max-snippet:-1","max-image-preview":"max-image-preview:large","max-video-preview":"max-video-preview:-1"},"canonical":"https:\/\/eye-track-sport.com\/es\/contactenos\/","og_locale":"es_ES","og_type":"article","og_title":"Cont\u00e1ctenos","og_url":"https:\/\/eye-track-sport.com\/es\/contactenos\/","og_site_name":"EYE-TRACK","article_modified_time":"2026-04-08T12:59:34+00:00","twitter_card":"summary_large_image","twitter_misc":{"Tiempo de lectura":"2 minutos"},"schema":{"@context":"https:\/\/schema.org","@graph":[{"@type":"WebPage","@id":"https:\/\/eye-track-sport.com\/es\/contactenos\/","url":"https:\/\/eye-track-sport.com\/es\/contactenos\/","name":"Cont\u00e1ctenos","isPartOf":{"@id":"https:\/\/eye-track-sport.com\/en\/#website"},"datePublished":"2017-11-03T12:14:11+00:00","dateModified":"2026-04-08T12:59:34+00:00","breadcrumb":{"@id":"https:\/\/eye-track-sport.com\/es\/contactenos\/#breadcrumb"},"inLanguage":"es","potentialAction":[{"@type":"ReadAction","target":["https:\/\/eye-track-sport.com\/es\/contactenos\/"]}]},{"@type":"BreadcrumbList","@id":"https:\/\/eye-track-sport.com\/es\/contactenos\/#breadcrumb","itemListElement":[{"@type":"ListItem","position":1,"name":"Home","item":"https:\/\/eye-track-sport.com\/es\/welcome\/"},{"@type":"ListItem","position":2,"name":"Cont\u00e1ctenos"}]},{"@type":"WebSite","@id":"https:\/\/eye-track-sport.com\/en\/#website","url":"https:\/\/eye-track-sport.com\/en\/","name":"EYE-TRACK","description":"artificial intelligence for safety in sport and public environment","potentialAction":[{"@type":"SearchAction","target":{"@type":"EntryPoint","urlTemplate":"https:\/\/eye-track-sport.com\/en\/?s={search_term_string}"},"query-input":{"@type":"PropertyValueSpecification","valueRequired":true,"valueName":"search_term_string"}}],"inLanguage":"es"}]}},"_links":{"self":[{"href":"https:\/\/eye-track-sport.com\/es\/wp-json\/wp\/v2\/pages\/1080","targetHints":{"allow":["GET"]}}],"collection":[{"href":"https:\/\/eye-track-sport.com\/es\/wp-json\/wp\/v2\/pages"}],"about":[{"href":"https:\/\/eye-track-sport.com\/es\/wp-json\/wp\/v2\/types\/page"}],"author":[{"embeddable":true,"href":"https:\/\/eye-track-sport.com\/es\/wp-json\/wp\/v2\/users\/13"}],"replies":[{"embeddable":true,"href":"https:\/\/eye-track-sport.com\/es\/wp-json\/wp\/v2\/comments?post=1080"}],"version-history":[{"count":17,"href":"https:\/\/eye-track-sport.com\/es\/wp-json\/wp\/v2\/pages\/1080\/revisions"}],"predecessor-version":[{"id":4726,"href":"https:\/\/eye-track-sport.com\/es\/wp-json\/wp\/v2\/pages\/1080\/revisions\/4726"}],"wp:attachment":[{"href":"https:\/\/eye-track-sport.com\/es\/wp-json\/wp\/v2\/media?parent=1080"}],"curies":[{"name":"wp","href":"https:\/\/api.w.org\/{rel}","templated":true}]}}