{"id":1461,"date":"2016-05-11T13:48:44","date_gmt":"2016-05-11T13:48:44","guid":{"rendered":"https:\/\/www.eye-track-sport.com\/fr\/contatti\/"},"modified":"2026-04-08T14:58:49","modified_gmt":"2026-04-08T12:58:49","slug":"nous-contacter","status":"publish","type":"page","link":"https:\/\/eye-track-sport.com\/fr\/nous-contacter\/","title":{"rendered":"Contact"},"content":{"rendered":"<div id='av_section_1'  class='avia-section av-yeqxsl-42c61e8b3d5960ed95fc7185f052b168 main_color avia-section-large avia-no-border-styling  avia-builder-el-0  el_before_av_section  avia-builder-el-first  avia-bg-style-scroll container_wrap sidebar_right'  ><div class='container av-section-cont-open' ><main  role=\"main\" itemprop=\"mainContentOfPage\"  class='template-page content  av-content-small alpha units'><div class='post-entry post-entry-type-page post-entry-1461'><div class='entry-content-wrapper clearfix'>\n\n<style type=\"text\/css\" data-created_by=\"avia_inline_auto\" id=\"style-css-av-w6ocn9-5135803d20c6473345ed1d112b48a3ea\">\n#top .av-special-heading.av-w6ocn9-5135803d20c6473345ed1d112b48a3ea{\npadding-bottom:30px;\nfont-size:70px;\n}\nbody .av-special-heading.av-w6ocn9-5135803d20c6473345ed1d112b48a3ea .av-special-heading-tag .heading-char{\nfont-size:25px;\n}\n#top #wrap_all .av-special-heading.av-w6ocn9-5135803d20c6473345ed1d112b48a3ea .av-special-heading-tag{\nfont-size:70px;\n}\n.av-special-heading.av-w6ocn9-5135803d20c6473345ed1d112b48a3ea .av-subheading{\nfont-size:15px;\n}\n\n@media only screen and (min-width: 480px) and (max-width: 767px){ \n#top #wrap_all .av-special-heading.av-w6ocn9-5135803d20c6473345ed1d112b48a3ea .av-special-heading-tag{\nfont-size:0.8em;\n}\n}\n\n@media only screen and (max-width: 479px){ \n#top #wrap_all .av-special-heading.av-w6ocn9-5135803d20c6473345ed1d112b48a3ea .av-special-heading-tag{\nfont-size:0.8em;\n}\n}\n<\/style>\n<div  class='av-special-heading av-w6ocn9-5135803d20c6473345ed1d112b48a3ea av-special-heading-h1 blockquote modern-quote  avia-builder-el-1  el_before_av_two_fifth  avia-builder-el-first  av-thin-font av-inherit-size'><h1 class='av-special-heading-tag '  itemprop=\"headline\"  >Nous contacter<strong>.<\/strong><\/h1><div class=\"special-heading-border\"><div class=\"special-heading-inner-border\"><\/div><\/div><\/div>\n\n<style type=\"text\/css\" data-created_by=\"avia_inline_auto\" id=\"style-css-av-uktnsl-282170e5259860cc646d2545de3b712b\">\n.flex_column.av-uktnsl-282170e5259860cc646d2545de3b712b{\nborder-radius:0px 0px 0px 0px;\npadding:0px 0px 0px 0px;\n}\n<\/style>\n<div  class='flex_column av-uktnsl-282170e5259860cc646d2545de3b712b av_two_fifth  avia-builder-el-2  el_after_av_heading  el_before_av_three_fifth  first flex_column_div av-zero-column-padding  '     ><section  class='av_textblock_section av-taqxad-dee02d06409bdaee50fdfd6a82893135 '   itemscope=\"itemscope\" itemtype=\"https:\/\/schema.org\/CreativeWork\" ><div class='avia_textblock'  itemprop=\"text\" ><p>D\u00e9couvrez EYE-TRACK, le syst\u00e8me de s\u00e9curite pour les circuits de motocyclisme qui vous permettra de surveiller 24h sur 24h et en temps r\u00e9el votre circuit.<\/p>\n<p>Cet oeil \u00e9lectronique technologique et ultramoderne est synonyme de s\u00e9curit\u00e9, efficacit\u00e9 et de r\u00e9duction des couts de gestion.<\/p>\n<\/div><\/section><\/div>\n<style type=\"text\/css\" data-created_by=\"avia_inline_auto\" id=\"style-css-av-qvqunp-11c491132a539a4dac58aa3114e99a69\">\n.flex_column.av-qvqunp-11c491132a539a4dac58aa3114e99a69{\nborder-radius:0px 0px 0px 0px;\npadding:0px 0px 0px 0px;\n}\n<\/style>\n<div  class='flex_column av-qvqunp-11c491132a539a4dac58aa3114e99a69 av_three_fifth  avia-builder-el-4  el_after_av_two_fifth  avia-builder-el-last  flex_column_div av-zero-column-padding  '     ><section  class='av_textblock_section av-m6s2i0m5-21e5067d5017fd4b43ce9cfc8e980379 '   itemscope=\"itemscope\" itemtype=\"https:\/\/schema.org\/CreativeWork\" ><div class='avia_textblock'  itemprop=\"text\" ><p><strong>Light-Speed S.r.l.<\/strong><br \/>\nSoci\u00e9t\u00e9 soumise \u00e0 la direction et au contr\u00f4le de Calzavara S.r.l. &#8211; societ\u00e0 unipersonale<\/p>\n<p>Via Ulisse Nurzia n. 1<br \/>\n67100 L&rsquo;Aquila<\/p>\n<p>Tel. +39 0432 84381<\/p>\n<\/div><\/section><\/div><\/div><\/div><\/main><!-- close content main element --><\/div><\/div>\n<style type=\"text\/css\" data-created_by=\"avia_inline_auto\" id=\"style-css-av-qeaf79-6249edbd0a414fdc8781051df92f8160\">\n.avia-section.av-qeaf79-6249edbd0a414fdc8781051df92f8160{\nbackground-repeat:no-repeat;\nbackground-image:url(https:\/\/eye-track-sport.com\/wp-content\/uploads\/2016\/05\/2.jpg);\nbackground-position:50% 50%;\nbackground-attachment:fixed;\n}\n.avia-section.av-qeaf79-6249edbd0a414fdc8781051df92f8160 .av-section-color-overlay{\nopacity:0.8;\nbackground-color:#000000;\n}\n<\/style>\n<div id='av_section_2'  class='avia-section av-qeaf79-6249edbd0a414fdc8781051df92f8160 alternate_color avia-section-huge avia-no-border-styling  avia-builder-el-6  el_after_av_section  avia-builder-el-last  avia-full-stretch avia-bg-style-fixed av-section-color-overlay-active container_wrap sidebar_right'  data-section-bg-repeat='stretch'><div class=\"av-section-color-overlay-wrap\"><div class=\"av-section-color-overlay\"><\/div><div class='container av-section-cont-open' ><div class='template-page content  av-content-small alpha units'><div class='post-entry post-entry-type-page post-entry-1461'><div class='entry-content-wrapper clearfix'>\n\n<style type=\"text\/css\" data-created_by=\"avia_inline_auto\" id=\"style-css-av-nm0ds5-b8e5bec610345427d93ed3228a54e01f\">\n.flex_column.av-nm0ds5-b8e5bec610345427d93ed3228a54e01f{\nborder-radius:0px 0px 0px 0px;\npadding:0px 0px 0px 0px;\n}\n<\/style>\n<div  class='flex_column av-nm0ds5-b8e5bec610345427d93ed3228a54e01f av_three_fifth  avia-builder-el-7  el_before_av_two_fifth  avia-builder-el-first  first flex_column_div av-zero-column-padding  '     ><p>\n<style type=\"text\/css\" data-created_by=\"avia_inline_auto\" id=\"style-css-av-m941v9-bb302b939947a63fb3e959b9e62221d4\">\n#top .av-special-heading.av-m941v9-bb302b939947a63fb3e959b9e62221d4{\npadding-bottom:20px;\nfont-size:50px;\n}\nbody .av-special-heading.av-m941v9-bb302b939947a63fb3e959b9e62221d4 .av-special-heading-tag .heading-char{\nfont-size:25px;\n}\n#top #wrap_all .av-special-heading.av-m941v9-bb302b939947a63fb3e959b9e62221d4 .av-special-heading-tag{\nfont-size:50px;\n}\n.av-special-heading.av-m941v9-bb302b939947a63fb3e959b9e62221d4 .av-subheading{\nfont-size:15px;\n}\n\n@media only screen and (min-width: 480px) and (max-width: 767px){ \n#top #wrap_all .av-special-heading.av-m941v9-bb302b939947a63fb3e959b9e62221d4 .av-special-heading-tag{\nfont-size:0.8em;\n}\n}\n\n@media only screen and (max-width: 479px){ \n#top #wrap_all .av-special-heading.av-m941v9-bb302b939947a63fb3e959b9e62221d4 .av-special-heading-tag{\nfont-size:0.8em;\n}\n}\n<\/style>\n<div  class='av-special-heading av-m941v9-bb302b939947a63fb3e959b9e62221d4 av-special-heading-h1 blockquote modern-quote modern-centered  avia-builder-el-8  el_before_av_contact  avia-builder-el-first  av-thin-font av-inherit-size'><h1 class='av-special-heading-tag '  itemprop=\"headline\"  >\u00e9crivez-nous<strong>.<\/strong><\/h1><div class=\"special-heading-border\"><div class=\"special-heading-inner-border\"><\/div><\/div><\/div><br \/>\n<form action=\"https:\/\/eye-track-sport.com\/fr\/nous-contacter\/\" method=\"post\" data-fields-with-error=\"Erreurs trouv\u00e9es dans les champs suivants :\" class=\"avia_ajax_form av-form-labels-hidden   avia-builder-el-9  el_after_av_heading  avia-builder-el-last  av-custom-form-color av-light-form \" data-avia-form-id=\"1\" data-avia-redirect='' ><fieldset><p class='  first_form  form_element form_element_half' id='element_avia_1_1'><label for=\"avia_1_1\">Nom\/Pr\u00e9nom<\/label> <input name=\"avia_1_1\" class=\"text_input \" type=\"text\" id=\"avia_1_1\" value=\"\"  placeholder='Nom\/Pr\u00e9nom'\/><\/p><p class='  form_element form_element_half' id='element_avia_2_1'><label for=\"avia_2_1\">Adresse e-mail <abbr class=\"required\" title=\"requis(e)\">*<\/abbr><\/label> <input name=\"avia_2_1\" class=\"text_input is_email\" type=\"text\" id=\"avia_2_1\" value=\"\"  placeholder='Adresse e-mail*'\/><\/p><p class='  first_form  form_element form_fullwidth' id='element_avia_3_1'><label for=\"avia_3_1\">N. de t\u00e9l\u00e9phone<\/label> <input name=\"avia_3_1\" class=\"text_input \" type=\"text\" id=\"avia_3_1\" value=\"\"  placeholder='N. de t\u00e9l\u00e9phone'\/><\/p><p class='  first_form  form_element form_fullwidth' id='element_avia_4_1'><label for=\"avia_4_1\" class=\"textare_label hidden textare_label_avia_4_1\">Votre message <abbr class=\"required\" title=\"requis(e)\">*<\/abbr><\/label><textarea  placeholder='Votre message*' name=\"avia_4_1\" class=\"text_area is_empty\" cols=\"40\" rows=\"7\" id=\"avia_4_1\" ><\/textarea><\/p><p class='  first_form  form_element form_fullwidth' id='element_avia_5_1'><input  name=\"avia_5_1\" class=\"input_checkbox is_empty\" type=\"checkbox\" id=\"avia_5_1\" value=\"true\"\/><label class=\"input_checkbox_label\" for=\"avia_5_1\">J\u2019ai lu et compris int\u00e9gralement la Politique de Confidentialit\u00e9 <abbr class=\"required\" title=\"requis(e)\">*<\/abbr><\/label><\/p><p class='  first_form  form_element form_fullwidth' id='element_avia_6_1'><input  name=\"avia_6_1\" class=\"input_checkbox is_empty\" type=\"checkbox\" id=\"avia_6_1\" value=\"true\"\/><label class=\"input_checkbox_label\" for=\"avia_6_1\">J\u2019accepte les termes de la Politique de Confidentialit\u00e9 <abbr class=\"required\" title=\"requis(e)\">*<\/abbr><\/label><\/p><p class=\"hidden\"><input type=\"text\" name=\"avia_7_1\" class=\"hidden \" id=\"avia_7_1\" value=\"\" \/><\/p><p class='   form_element form_fullwidth' id='element_avia_8_1'><span class='value_verifier_label'>2 + 0 = ?<\/span><input name=\"avia_8_1_verifier\" type=\"hidden\" id=\"avia_8_1_verifier\" value=\"734571266\"\/><label for=\"avia_8_1\">Merci de prouver que vous \u00eates un humain en donnant le r\u00e9sultat de cette op\u00e9ration <abbr class=\"required\" title=\"requis(e)\">*<\/abbr><\/label><input name=\"avia_8_1\" class=\"text_input captcha\" type=\"text\" id=\"avia_8_1\" value=\"\"\/><\/p><p class=\"form_element \"><input type=\"hidden\" value=\"1\" name=\"avia_generated_form1\" \/><input type=\"submit\" value=\"Soumettre\" class=\"button\"  data-sending-label=\"Envoi\"\/><\/p><\/fieldset><\/form><div id=\"ajaxresponse_1\" class=\"ajaxresponse ajaxresponse_1 hidden\"><\/div><\/p><\/div>\n<style type=\"text\/css\" data-created_by=\"avia_inline_auto\" id=\"style-css-av-d2jbxx-b67ae84984e864a9ee241edd6abce9ea\">\n.flex_column.av-d2jbxx-b67ae84984e864a9ee241edd6abce9ea{\nborder-radius:0px 0px 0px 0px;\npadding:0px 0px 0px 0px;\n}\n<\/style>\n<div  class='flex_column av-d2jbxx-b67ae84984e864a9ee241edd6abce9ea av_two_fifth  avia-builder-el-10  el_after_av_three_fifth  avia-builder-el-last  flex_column_div av-zero-column-padding  '     ><p>\n<style type=\"text\/css\" data-created_by=\"avia_inline_auto\" id=\"style-css-av-bf3mmd-75bd1486f7b1ba1aca0e87969d0858b1\">\n#top .av-special-heading.av-bf3mmd-75bd1486f7b1ba1aca0e87969d0858b1{\npadding-bottom:20px;\nfont-size:50px;\n}\nbody .av-special-heading.av-bf3mmd-75bd1486f7b1ba1aca0e87969d0858b1 .av-special-heading-tag .heading-char{\nfont-size:25px;\n}\n#top #wrap_all .av-special-heading.av-bf3mmd-75bd1486f7b1ba1aca0e87969d0858b1 .av-special-heading-tag{\nfont-size:50px;\n}\n.av-special-heading.av-bf3mmd-75bd1486f7b1ba1aca0e87969d0858b1 .av-subheading{\nfont-size:15px;\n}\n\n@media only screen and (min-width: 480px) and (max-width: 767px){ \n#top #wrap_all .av-special-heading.av-bf3mmd-75bd1486f7b1ba1aca0e87969d0858b1 .av-special-heading-tag{\nfont-size:0.8em;\n}\n}\n\n@media only screen and (max-width: 479px){ \n#top #wrap_all .av-special-heading.av-bf3mmd-75bd1486f7b1ba1aca0e87969d0858b1 .av-special-heading-tag{\nfont-size:0.8em;\n}\n}\n<\/style>\n<div  class='av-special-heading av-bf3mmd-75bd1486f7b1ba1aca0e87969d0858b1 av-special-heading-h1 blockquote modern-quote modern-centered  avia-builder-el-11  el_before_av_textblock  avia-builder-el-first  av-thin-font av-inherit-size'><h1 class='av-special-heading-tag '  itemprop=\"headline\"  >En savoir plus<strong>.<\/strong><\/h1><div class=\"special-heading-border\"><div class=\"special-heading-inner-border\"><\/div><\/div><\/div><br \/>\n\n<style type=\"text\/css\" data-created_by=\"avia_inline_auto\" id=\"style-css-av-9eybj9-7550969b4c7b03f3cdc091d50f8b03af\">\n#top .av_textblock_section.av-9eybj9-7550969b4c7b03f3cdc091d50f8b03af .avia_textblock{\ncolor:#ffffff;\n}\n<\/style>\n<section  class='av_textblock_section av-9eybj9-7550969b4c7b03f3cdc091d50f8b03af '   itemscope=\"itemscope\" itemtype=\"https:\/\/schema.org\/CreativeWork\" ><div class='avia_textblock av_inherit_color'  itemprop=\"text\" ><p>Remplissez le formulaire ci dessous pour en savoir plus \u00e0 propos de EYE-TRACK. Vous d\u00e9couvrerez que notre syst\u00e8me de surveillance pour circuits de motocyclisme est aussi ultramoderne que simple \u00e0 utiliser.<\/p>\n<p>EYE-TRACK vous permets de mettre en s\u00e9curit\u00e9 tout type de circuit de motocyclisme car il observe tout angle mort de la piste et, dans le cas d&rsquo;accidents ou des chutes, les feux de circulation envoie des signaux lumineux aux pilotes et la sir\u00e8ne mets en alerte le g\u00e9rant de la piste. Il est possible de surveiller tout ce qui se passe dans le circuit en utilisant notre App (\u00e0 t\u00e9l\u00e9charger sur votre smartphone, tablette et moniteur TV).<\/p>\n<p>EYE-TRACK c&rsquo;est un syst\u00e8me \u00e0 haute technologie qui vous permettra d&rsquo;\u00e9conomiser sur les couts de gestion de votre circuit et qui vous aidera \u00e0 surveiller tout ce qui se passe dans votre piste de moto.<\/p>\n<p>Si vous voulez en savoir plus, n&rsquo;h\u00e9sitez pas \u00e0 prendre contact avec nous!<\/p>\n<\/div><\/section><\/p><\/div>\n<\/div><\/div><\/div><!-- close content main div --><\/div><\/div><\/div><div id='after_section_2'  class='main_color av_default_container_wrap container_wrap sidebar_right'  ><div class='container av-section-cont-open' ><div class='template-page content  av-content-small alpha units'><div class='post-entry post-entry-type-page post-entry-1461'><div class='entry-content-wrapper clearfix'><\/p>\n","protected":false},"excerpt":{"rendered":"","protected":false},"author":13,"featured_media":0,"parent":0,"menu_order":0,"comment_status":"closed","ping_status":"closed","template":"","meta":{"footnotes":""},"class_list":["post-1461","page","type-page","status-publish","hentry"],"yoast_head":"<!-- This site is optimized with the Yoast SEO plugin v26.8 - https:\/\/yoast.com\/product\/yoast-seo-wordpress\/ -->\n<title>EYE-TRACK: sistema di sicurezza per piste motociclistiche<\/title>\n<meta name=\"description\" content=\"Il sistema di sicurezza per piste EYE-TRACK monitora ogni angolo cieco, rileva le cadute, segnala ai piloti e al gestore il pericolo e avvisa tramite app\" \/>\n<meta name=\"robots\" content=\"index, follow, max-snippet:-1, max-image-preview:large, max-video-preview:-1\" \/>\n<link rel=\"canonical\" href=\"https:\/\/eye-track-sport.com\/fr\/nous-contacter\/\" \/>\n<meta property=\"og:locale\" content=\"fr_FR\" \/>\n<meta property=\"og:type\" content=\"article\" \/>\n<meta property=\"og:title\" content=\"EYE-TRACK: sistema di sicurezza per piste motociclistiche\" \/>\n<meta property=\"og:description\" content=\"Il sistema di sicurezza per piste EYE-TRACK monitora ogni angolo cieco, rileva le cadute, segnala ai piloti e al gestore il pericolo e avvisa tramite app\" \/>\n<meta property=\"og:url\" content=\"https:\/\/eye-track-sport.com\/fr\/nous-contacter\/\" \/>\n<meta property=\"og:site_name\" content=\"EYE-TRACK\" \/>\n<meta property=\"article:modified_time\" content=\"2026-04-08T12:58:49+00:00\" \/>\n<meta name=\"twitter:card\" content=\"summary_large_image\" \/>\n<meta name=\"twitter:label1\" content=\"Dur\u00e9e de lecture estim\u00e9e\" \/>\n\t<meta name=\"twitter:data1\" content=\"2 minutes\" \/>\n<script type=\"application\/ld+json\" class=\"yoast-schema-graph\">{\"@context\":\"https:\/\/schema.org\",\"@graph\":[{\"@type\":\"WebPage\",\"@id\":\"https:\/\/eye-track-sport.com\/fr\/nous-contacter\/\",\"url\":\"https:\/\/eye-track-sport.com\/fr\/nous-contacter\/\",\"name\":\"EYE-TRACK: sistema di sicurezza per piste motociclistiche\",\"isPartOf\":{\"@id\":\"https:\/\/eye-track-sport.com\/en\/#website\"},\"datePublished\":\"2016-05-11T13:48:44+00:00\",\"dateModified\":\"2026-04-08T12:58:49+00:00\",\"description\":\"Il sistema di sicurezza per piste EYE-TRACK monitora ogni angolo cieco, rileva le cadute, segnala ai piloti e al gestore il pericolo e avvisa tramite app\",\"breadcrumb\":{\"@id\":\"https:\/\/eye-track-sport.com\/fr\/nous-contacter\/#breadcrumb\"},\"inLanguage\":\"fr-FR\",\"potentialAction\":[{\"@type\":\"ReadAction\",\"target\":[\"https:\/\/eye-track-sport.com\/fr\/nous-contacter\/\"]}]},{\"@type\":\"BreadcrumbList\",\"@id\":\"https:\/\/eye-track-sport.com\/fr\/nous-contacter\/#breadcrumb\",\"itemListElement\":[{\"@type\":\"ListItem\",\"position\":1,\"name\":\"Home\",\"item\":\"https:\/\/eye-track-sport.com\/fr\/welcome\/\"},{\"@type\":\"ListItem\",\"position\":2,\"name\":\"Contact\"}]},{\"@type\":\"WebSite\",\"@id\":\"https:\/\/eye-track-sport.com\/en\/#website\",\"url\":\"https:\/\/eye-track-sport.com\/en\/\",\"name\":\"EYE-TRACK\",\"description\":\"artificial intelligence for safety in sport facilities and public areas\",\"potentialAction\":[{\"@type\":\"SearchAction\",\"target\":{\"@type\":\"EntryPoint\",\"urlTemplate\":\"https:\/\/eye-track-sport.com\/en\/?s={search_term_string}\"},\"query-input\":{\"@type\":\"PropertyValueSpecification\",\"valueRequired\":true,\"valueName\":\"search_term_string\"}}],\"inLanguage\":\"fr-FR\"}]}<\/script>\n<!-- \/ Yoast SEO plugin. -->","yoast_head_json":{"title":"EYE-TRACK: sistema di sicurezza per piste motociclistiche","description":"Il sistema di sicurezza per piste EYE-TRACK monitora ogni angolo cieco, rileva le cadute, segnala ai piloti e al gestore il pericolo e avvisa tramite app","robots":{"index":"index","follow":"follow","max-snippet":"max-snippet:-1","max-image-preview":"max-image-preview:large","max-video-preview":"max-video-preview:-1"},"canonical":"https:\/\/eye-track-sport.com\/fr\/nous-contacter\/","og_locale":"fr_FR","og_type":"article","og_title":"EYE-TRACK: sistema di sicurezza per piste motociclistiche","og_description":"Il sistema di sicurezza per piste EYE-TRACK monitora ogni angolo cieco, rileva le cadute, segnala ai piloti e al gestore il pericolo e avvisa tramite app","og_url":"https:\/\/eye-track-sport.com\/fr\/nous-contacter\/","og_site_name":"EYE-TRACK","article_modified_time":"2026-04-08T12:58:49+00:00","twitter_card":"summary_large_image","twitter_misc":{"Dur\u00e9e de lecture estim\u00e9e":"2 minutes"},"schema":{"@context":"https:\/\/schema.org","@graph":[{"@type":"WebPage","@id":"https:\/\/eye-track-sport.com\/fr\/nous-contacter\/","url":"https:\/\/eye-track-sport.com\/fr\/nous-contacter\/","name":"EYE-TRACK: sistema di sicurezza per piste motociclistiche","isPartOf":{"@id":"https:\/\/eye-track-sport.com\/en\/#website"},"datePublished":"2016-05-11T13:48:44+00:00","dateModified":"2026-04-08T12:58:49+00:00","description":"Il sistema di sicurezza per piste EYE-TRACK monitora ogni angolo cieco, rileva le cadute, segnala ai piloti e al gestore il pericolo e avvisa tramite app","breadcrumb":{"@id":"https:\/\/eye-track-sport.com\/fr\/nous-contacter\/#breadcrumb"},"inLanguage":"fr-FR","potentialAction":[{"@type":"ReadAction","target":["https:\/\/eye-track-sport.com\/fr\/nous-contacter\/"]}]},{"@type":"BreadcrumbList","@id":"https:\/\/eye-track-sport.com\/fr\/nous-contacter\/#breadcrumb","itemListElement":[{"@type":"ListItem","position":1,"name":"Home","item":"https:\/\/eye-track-sport.com\/fr\/welcome\/"},{"@type":"ListItem","position":2,"name":"Contact"}]},{"@type":"WebSite","@id":"https:\/\/eye-track-sport.com\/en\/#website","url":"https:\/\/eye-track-sport.com\/en\/","name":"EYE-TRACK","description":"artificial intelligence for safety in sport facilities and public areas","potentialAction":[{"@type":"SearchAction","target":{"@type":"EntryPoint","urlTemplate":"https:\/\/eye-track-sport.com\/en\/?s={search_term_string}"},"query-input":{"@type":"PropertyValueSpecification","valueRequired":true,"valueName":"search_term_string"}}],"inLanguage":"fr-FR"}]}},"_links":{"self":[{"href":"https:\/\/eye-track-sport.com\/fr\/wp-json\/wp\/v2\/pages\/1461","targetHints":{"allow":["GET"]}}],"collection":[{"href":"https:\/\/eye-track-sport.com\/fr\/wp-json\/wp\/v2\/pages"}],"about":[{"href":"https:\/\/eye-track-sport.com\/fr\/wp-json\/wp\/v2\/types\/page"}],"author":[{"embeddable":true,"href":"https:\/\/eye-track-sport.com\/fr\/wp-json\/wp\/v2\/users\/13"}],"replies":[{"embeddable":true,"href":"https:\/\/eye-track-sport.com\/fr\/wp-json\/wp\/v2\/comments?post=1461"}],"version-history":[{"count":17,"href":"https:\/\/eye-track-sport.com\/fr\/wp-json\/wp\/v2\/pages\/1461\/revisions"}],"predecessor-version":[{"id":4725,"href":"https:\/\/eye-track-sport.com\/fr\/wp-json\/wp\/v2\/pages\/1461\/revisions\/4725"}],"wp:attachment":[{"href":"https:\/\/eye-track-sport.com\/fr\/wp-json\/wp\/v2\/media?parent=1461"}],"curies":[{"name":"wp","href":"https:\/\/api.w.org\/{rel}","templated":true}]}}