{"id":1467,"date":"2016-05-11T13:49:10","date_gmt":"2016-05-11T13:49:10","guid":{"rendered":"https:\/\/www.eye-track-sport.com\/fr\/perche-eye-track\/"},"modified":"2021-09-26T18:33:12","modified_gmt":"2021-09-26T16:33:12","slug":"pourquoi-eye-track","status":"publish","type":"page","link":"https:\/\/eye-track-sport.com\/fr\/pourquoi-eye-track\/","title":{"rendered":"Pourquoi?"},"content":{"rendered":"<div id='av_section_1'  class='avia-section av-av_section-43fa913dbbd7170bb5693496c11aa38b main_color avia-section-large avia-no-border-styling  avia-builder-el-0  el_before_av_masonry_gallery  avia-builder-el-first  avia-bg-style-scroll container_wrap sidebar_right'  ><div class='container av-section-cont-open' ><main  role=\"main\" itemprop=\"mainContentOfPage\"  class='template-page content  av-content-small alpha units'><div class='post-entry post-entry-type-page post-entry-1467'><div class='entry-content-wrapper clearfix'>\n\n<style type=\"text\/css\" data-created_by=\"avia_inline_auto\" id=\"style-css-av-av_heading-f6d5edeb44a2981bd8c6312b9fa379a0\">\n#top .av-special-heading.av-av_heading-f6d5edeb44a2981bd8c6312b9fa379a0{\npadding-bottom:30px;\nfont-size:70px;\n}\nbody .av-special-heading.av-av_heading-f6d5edeb44a2981bd8c6312b9fa379a0 .av-special-heading-tag .heading-char{\nfont-size:25px;\n}\n#top #wrap_all .av-special-heading.av-av_heading-f6d5edeb44a2981bd8c6312b9fa379a0 .av-special-heading-tag{\nfont-size:70px;\n}\n.av-special-heading.av-av_heading-f6d5edeb44a2981bd8c6312b9fa379a0 .av-subheading{\nfont-size:15px;\n}\n\n@media only screen and (min-width: 480px) and (max-width: 767px){ \n#top #wrap_all .av-special-heading.av-av_heading-f6d5edeb44a2981bd8c6312b9fa379a0 .av-special-heading-tag{\nfont-size:0.8em;\n}\n}\n\n@media only screen and (max-width: 479px){ \n#top #wrap_all .av-special-heading.av-av_heading-f6d5edeb44a2981bd8c6312b9fa379a0 .av-special-heading-tag{\nfont-size:0.8em;\n}\n}\n<\/style>\n<div  class='av-special-heading av-av_heading-f6d5edeb44a2981bd8c6312b9fa379a0 av-special-heading-h1 blockquote modern-quote  avia-builder-el-1  el_before_av_heading  avia-builder-el-first  av-thin-font av-inherit-size'><h1 class='av-special-heading-tag '  itemprop=\"headline\"  >Puorquoi <strong>EYE-TRACK<\/strong><\/h1><div class=\"special-heading-border\"><div class=\"special-heading-inner-border\"><\/div><\/div><\/div>\n\n<style type=\"text\/css\" data-created_by=\"avia_inline_auto\" id=\"style-css-av-av_heading-6125d0852728630ecb91ab1b0d7d3bf2\">\n#top .av-special-heading.av-av_heading-6125d0852728630ecb91ab1b0d7d3bf2{\npadding-bottom:30px;\nfont-size:35px;\n}\nbody .av-special-heading.av-av_heading-6125d0852728630ecb91ab1b0d7d3bf2 .av-special-heading-tag .heading-char{\nfont-size:25px;\n}\n#top #wrap_all .av-special-heading.av-av_heading-6125d0852728630ecb91ab1b0d7d3bf2 .av-special-heading-tag{\nfont-size:35px;\n}\n.av-special-heading.av-av_heading-6125d0852728630ecb91ab1b0d7d3bf2 .av-subheading{\nfont-size:15px;\n}\n\n@media only screen and (min-width: 480px) and (max-width: 767px){ \n#top #wrap_all .av-special-heading.av-av_heading-6125d0852728630ecb91ab1b0d7d3bf2 .av-special-heading-tag{\nfont-size:0.8em;\n}\n}\n\n@media only screen and (max-width: 479px){ \n#top #wrap_all .av-special-heading.av-av_heading-6125d0852728630ecb91ab1b0d7d3bf2 .av-special-heading-tag{\nfont-size:0.8em;\n}\n}\n<\/style>\n<div  class='av-special-heading av-av_heading-6125d0852728630ecb91ab1b0d7d3bf2 av-special-heading-h1 blockquote modern-quote  avia-builder-el-2  el_after_av_heading  el_before_av_one_half  av-inherit-size'><h1 class='av-special-heading-tag '  itemprop=\"headline\"  >Le probl\u00e8me principal de la vid\u00e9osurveillance est de contr\u00f4ler tous les moniteurs<\/h1><div class=\"special-heading-border\"><div class=\"special-heading-inner-border\"><\/div><\/div><\/div>\n\n<style type=\"text\/css\" data-created_by=\"avia_inline_auto\" id=\"style-css-av-av_one_half-6126cab7d8fab8d08143dd2dacdf673c\">\n.flex_column.av-av_one_half-6126cab7d8fab8d08143dd2dacdf673c{\nborder-radius:0px 0px 0px 0px;\npadding:0px 0px 0px 0px;\n}\n<\/style>\n<div  class='flex_column av-av_one_half-6126cab7d8fab8d08143dd2dacdf673c av_one_half  avia-builder-el-3  el_after_av_heading  el_before_av_one_half  first flex_column_div av-zero-column-padding  '     ><p>\n<style type=\"text\/css\" data-created_by=\"avia_inline_auto\" id=\"style-css-av-av_textblock-821bdbcefc7b6037fa33c1ca5a1584d5\">\n#top .av_textblock_section.av-av_textblock-821bdbcefc7b6037fa33c1ca5a1584d5 .avia_textblock{\ncolor:#333333;\n}\n<\/style>\n<section  class='av_textblock_section av-av_textblock-821bdbcefc7b6037fa33c1ca5a1584d5 '   itemscope=\"itemscope\" itemtype=\"https:\/\/schema.org\/CreativeWork\" ><div class='avia_textblock av_inherit_color'  itemprop=\"text\" ><p><strong>EYE-TRACK r\u00e9sout un grand probl\u00e8me pour les pilotes et les g\u00e9rants des circuits<\/strong><\/p>\n<p>EYE-TRACK c\u2019est le syst\u00e8me \u00e9lectronique de surveillance qui prot\u00e8ge soit les pilotes soit les g\u00e9rants des circuits car c\u2019est la strat\u00e9gie la meilleur pour pr\u00e9venir et r\u00e9duire les incidents.<\/p>\n<\/div><\/section><br \/>\n\n<style type=\"text\/css\" data-created_by=\"avia_inline_auto\" id=\"style-css-av-av_hr-5ea7596238ed9f191e6b5e662093052f\">\n#top .hr.hr-invisible.av-av_hr-5ea7596238ed9f191e6b5e662093052f{\nheight:30px;\n}\n<\/style>\n<div  class='hr av-av_hr-5ea7596238ed9f191e6b5e662093052f hr-invisible  avia-builder-el-5  el_after_av_textblock  el_before_av_button '><span class='hr-inner '><span class=\"hr-inner-style\"><\/span><\/span><\/div><br \/>\n<div  class='avia-button-wrap av-av_button-6bb42fae3d2fdcda7b4f4cf5bd90870f-wrap avia-button-left  avia-builder-el-6  el_after_av_hr  avia-builder-el-last '><a href='https:\/\/eye-track-sport.com\/fr\/'  class='avia-button av-av_button-6bb42fae3d2fdcda7b4f4cf5bd90870f av-link-btn avia-icon_select-yes-right-icon avia-size-large avia-position-left av-icon-on-hover avia-color-theme-color'   aria-label=\"QU\u2019EST-CE QUE C\u2019EST?\"><span class='avia_iconbox_title' >QU\u2019EST-CE QUE C\u2019EST?<\/span><span class='avia_button_icon avia_button_icon_right' aria-hidden='true' data-av_icon='\ue879' data-av_iconfont='entypo-fontello'><\/span><\/a><\/div><\/p><\/div>\n<style type=\"text\/css\" data-created_by=\"avia_inline_auto\" id=\"style-css-av-av_one_half-0aa7055fe62c3622faec82866afbaeb2\">\n.flex_column.av-av_one_half-0aa7055fe62c3622faec82866afbaeb2{\nborder-radius:0px 0px 0px 0px;\npadding:0px 0px 0px 0px;\n}\n<\/style>\n<div  class='flex_column av-av_one_half-0aa7055fe62c3622faec82866afbaeb2 av_one_half  avia-builder-el-7  el_after_av_one_half  avia-builder-el-last  flex_column_div av-zero-column-padding  '     ><section  class='av_textblock_section av-av_textblock-2de302bf1aa3cf4c9157dbe6f50ac7eb '   itemscope=\"itemscope\" itemtype=\"https:\/\/schema.org\/CreativeWork\" ><div class='avia_textblock'  itemprop=\"text\" ><p><strong>Il peut arriver que les pilotes tombent ou s\u2019arr\u00eatent dans un angle mort et malheureusement, cela comporte des incidents\u2026.<\/strong><\/p>\n<p>EYE-TRACK comprends de suite s\u2019il y a quelqu\u2019un dans un endroit dangereux!<\/p>\n<p>L\u2019innovation technologique a r\u00e9solu ce probl\u00e8me qui se v\u00e9rifie couramment pendant les entrainements et surtout quand il n\u2019y a aucun commissaire qui surveille les angles morts du circuit.<\/p>\n<\/div><\/section><\/div>\n<style type=\"text\/css\" data-created_by=\"avia_inline_auto\" id=\"style-css-av-av_masonry_gallery-38561eeb9879f2b8d00cab0a2e60886e\">\n#top .av-masonry.av-av_masonry_gallery-38561eeb9879f2b8d00cab0a2e60886e{\nbackground-color:#191919;\n}\n<\/style>\n<div id='av-masonry-1' class='av-masonry av-av_masonry_gallery-38561eeb9879f2b8d00cab0a2e60886e noHover av-fixed-size av-large-gap av-hover-overlay-active av-masonry-animation-active av-masonry-col-4 av-caption-always av-caption-style- av-masonry-gallery ' data-post_id=\"1467\"><div class=\"av-masonry-container isotope av-js-disabled\"><div class='av-masonry-entry isotope-item av-masonry-item-no-image '><\/div><a href=\"https:\/\/eye-track-sport.com\/wp-content\/uploads\/2016\/05\/gallery-1.jpg\" data-srcset=\"https:\/\/eye-track-sport.com\/wp-content\/uploads\/2016\/05\/gallery-1.jpg 576w, https:\/\/eye-track-sport.com\/wp-content\/uploads\/2016\/05\/gallery-1-300x225.jpg 300w, https:\/\/eye-track-sport.com\/wp-content\/uploads\/2016\/05\/gallery-1-450x338.jpg 450w\" data-sizes=\"(max-width: 576px) 100vw, 576px\"  aria-label=\"image gallery 1\"  id='av-masonry-1-item-2505' data-av-masonry-item='2505' class='av-masonry-entry isotope-item post-2505 attachment type-attachment status-inherit hentry  av-masonry-item-with-image' title=\"gallery 1\" alt=\"\"    itemprop=\"thumbnailUrl\" ><div class='av-inner-masonry-sizer'><\/div><figure class='av-inner-masonry main_color'><div class=\"av-masonry-outerimage-container\"><div class='av-masonry-image-container' style=\"background-image: url(https:\/\/eye-track-sport.com\/wp-content\/uploads\/2016\/05\/gallery-1.jpg);\"  title=\"gallery 1\" ><\/div><\/div><\/figure><\/a><!--end av-masonry entry--><a href=\"https:\/\/eye-track-sport.com\/wp-content\/uploads\/2016\/05\/gallery-2.jpg\" data-srcset=\"https:\/\/eye-track-sport.com\/wp-content\/uploads\/2016\/05\/gallery-2.jpg 576w, https:\/\/eye-track-sport.com\/wp-content\/uploads\/2016\/05\/gallery-2-300x225.jpg 300w, https:\/\/eye-track-sport.com\/wp-content\/uploads\/2016\/05\/gallery-2-450x338.jpg 450w\" data-sizes=\"(max-width: 576px) 100vw, 576px\"  aria-label=\"image gallery 2\"  id='av-masonry-1-item-2510' data-av-masonry-item='2510' class='av-masonry-entry isotope-item post-2510 attachment type-attachment status-inherit hentry  av-masonry-item-with-image' title=\"gallery 2\" alt=\"\"    itemprop=\"thumbnailUrl\" ><div class='av-inner-masonry-sizer'><\/div><figure class='av-inner-masonry main_color'><div class=\"av-masonry-outerimage-container\"><div class='av-masonry-image-container' style=\"background-image: url(https:\/\/eye-track-sport.com\/wp-content\/uploads\/2016\/05\/gallery-2.jpg);\"  title=\"gallery 2\" ><\/div><\/div><\/figure><\/a><!--end av-masonry entry--><a href=\"https:\/\/eye-track-sport.com\/wp-content\/uploads\/2016\/05\/gallery-3-1.jpg\" data-srcset=\"https:\/\/eye-track-sport.com\/wp-content\/uploads\/2016\/05\/gallery-3-1.jpg 576w, https:\/\/eye-track-sport.com\/wp-content\/uploads\/2016\/05\/gallery-3-1-300x225.jpg 300w, https:\/\/eye-track-sport.com\/wp-content\/uploads\/2016\/05\/gallery-3-1-450x338.jpg 450w\" data-sizes=\"(max-width: 576px) 100vw, 576px\"  aria-label=\"image gallery 3\"  id='av-masonry-1-item-2525' data-av-masonry-item='2525' class='av-masonry-entry isotope-item post-2525 attachment type-attachment status-inherit hentry  av-masonry-item-with-image' title=\"gallery 3\" alt=\"\"    itemprop=\"thumbnailUrl\" ><div class='av-inner-masonry-sizer'><\/div><figure class='av-inner-masonry main_color'><div class=\"av-masonry-outerimage-container\"><div class='av-masonry-image-container' style=\"background-image: url(https:\/\/eye-track-sport.com\/wp-content\/uploads\/2016\/05\/gallery-3-1.jpg);\"  title=\"gallery 3\" ><\/div><\/div><\/figure><\/a><!--end av-masonry entry--><a href=\"https:\/\/eye-track-sport.com\/wp-content\/uploads\/2016\/05\/gallery-4-1.jpg\" data-srcset=\"https:\/\/eye-track-sport.com\/wp-content\/uploads\/2016\/05\/gallery-4-1.jpg 576w, https:\/\/eye-track-sport.com\/wp-content\/uploads\/2016\/05\/gallery-4-1-300x225.jpg 300w, https:\/\/eye-track-sport.com\/wp-content\/uploads\/2016\/05\/gallery-4-1-450x338.jpg 450w\" data-sizes=\"(max-width: 576px) 100vw, 576px\"  aria-label=\"image gallery 4\"  id='av-masonry-1-item-2530' data-av-masonry-item='2530' class='av-masonry-entry isotope-item post-2530 attachment type-attachment status-inherit hentry  av-masonry-item-with-image' title=\"gallery 4\" alt=\"\"    itemprop=\"thumbnailUrl\" ><div class='av-inner-masonry-sizer'><\/div><figure class='av-inner-masonry main_color'><div class=\"av-masonry-outerimage-container\"><div class='av-masonry-image-container' style=\"background-image: url(https:\/\/eye-track-sport.com\/wp-content\/uploads\/2016\/05\/gallery-4-1.jpg);\"  title=\"gallery 4\" ><\/div><\/div><\/figure><\/a><!--end av-masonry entry--><\/div><\/div><\/p>\n<div id='av-layout-grid-1'  class='av-layout-grid-container av-av_layout_row-1d8317cbdefe95838b8a91a9294aba61 entry-content-wrapper alternate_color av-flex-cells  avia-builder-el-10  el_after_av_masonry_gallery  el_before_av_one_half  grid-row-not-first  container_wrap sidebar_right'  >\n\n<style type=\"text\/css\" data-created_by=\"avia_inline_auto\" id=\"style-css-av-av_cell_one_half-c1cd18e52d198d210c9bd8bb70960134\">\n.flex_cell.av-av_cell_one_half-c1cd18e52d198d210c9bd8bb70960134{\nvertical-align:middle;\nbackground:url(https:\/\/eye-track-sport.com\/wp-content\/uploads\/2016\/02\/slide-eyetrack-2-1030x433.jpg) 0% 50% no-repeat scroll ;\n}\n.responsive #top #wrap_all .flex_cell.av-av_cell_one_half-c1cd18e52d198d210c9bd8bb70960134{\npadding:0px 0px 0px 0px !important;\n}\n<\/style>\n<div class='flex_cell av-av_cell_one_half-c1cd18e52d198d210c9bd8bb70960134 av-gridrow-cell av_one_half no_margin  avia-builder-el-11  el_before_av_cell_one_half  avia-builder-el-first  av-zero-padding avia-full-stretch'  ><div class='flex_cell_inner'><\/div><\/div>\n<style type=\"text\/css\" data-created_by=\"avia_inline_auto\" id=\"style-css-av-av_cell_one_half-d1e1fa2911d5b957e8156bb6559aa850\">\n.flex_cell.av-av_cell_one_half-d1e1fa2911d5b957e8156bb6559aa850{\nvertical-align:middle;\n}\n.responsive #top #wrap_all .flex_cell.av-av_cell_one_half-d1e1fa2911d5b957e8156bb6559aa850{\npadding:100px 100px 100px 100px !important;\n}\n<\/style>\n<div class='flex_cell av-av_cell_one_half-d1e1fa2911d5b957e8156bb6559aa850 av-gridrow-cell av_one_half no_margin  avia-builder-el-12  el_after_av_cell_one_half  avia-builder-el-last '  ><div class='flex_cell_inner'><p>\n<style type=\"text\/css\" data-created_by=\"avia_inline_auto\" id=\"style-css-av-av_heading-a973aef93cbe4afd9e31b60749b2c05c\">\n#top .av-special-heading.av-av_heading-a973aef93cbe4afd9e31b60749b2c05c{\npadding-bottom:20px;\nfont-size:50px;\n}\nbody .av-special-heading.av-av_heading-a973aef93cbe4afd9e31b60749b2c05c .av-special-heading-tag .heading-char{\nfont-size:25px;\n}\n#top #wrap_all .av-special-heading.av-av_heading-a973aef93cbe4afd9e31b60749b2c05c .av-special-heading-tag{\nfont-size:50px;\n}\n.av-special-heading.av-av_heading-a973aef93cbe4afd9e31b60749b2c05c .av-subheading{\nfont-size:15px;\n}\n\n@media only screen and (min-width: 480px) and (max-width: 767px){ \n#top #wrap_all .av-special-heading.av-av_heading-a973aef93cbe4afd9e31b60749b2c05c .av-special-heading-tag{\nfont-size:0.8em;\n}\n}\n\n@media only screen and (max-width: 479px){ \n#top #wrap_all .av-special-heading.av-av_heading-a973aef93cbe4afd9e31b60749b2c05c .av-special-heading-tag{\nfont-size:0.8em;\n}\n}\n<\/style>\n<div  class='av-special-heading av-av_heading-a973aef93cbe4afd9e31b60749b2c05c av-special-heading-h1 blockquote modern-quote  avia-builder-el-13  el_before_av_textblock  avia-builder-el-first  av-thin-font av-inherit-size'><h1 class='av-special-heading-tag '  itemprop=\"headline\"  >Elimine le risque caus\u00e9 par les <strong> angles morts<\/strong><\/h1><div class=\"special-heading-border\"><div class=\"special-heading-inner-border\"><\/div><\/div><\/div><br \/>\n<section  class='av_textblock_section av-av_textblock-2de302bf1aa3cf4c9157dbe6f50ac7eb '   itemscope=\"itemscope\" itemtype=\"https:\/\/schema.org\/CreativeWork\" ><div class='avia_textblock'  itemprop=\"text\" ><p>Le 35% des incidents se produit dans les angles morts, l\u00e0 o\u00f9 des simples chutes peuvent causer des incidents mortels.<\/p>\n<p>EYE-TRACK a \u00e9t\u00e9 cr\u00e9e afin d\u2019\u00e9viter tout cela.<\/p>\n<\/div><\/section><\/p>\n<\/div><\/div>\n<\/div><div id='after_grid_row_1'  class='main_color av_default_container_wrap container_wrap sidebar_right'  ><div class='container av-section-cont-open' ><div class='template-page content  av-content-small alpha units'><div class='post-entry post-entry-type-page post-entry-1467'><div class='entry-content-wrapper clearfix'>\n\n<style type=\"text\/css\" data-created_by=\"avia_inline_auto\" id=\"style-css-av-av_one_half-6126cab7d8fab8d08143dd2dacdf673c\">\n.flex_column.av-av_one_half-6126cab7d8fab8d08143dd2dacdf673c{\nborder-radius:0px 0px 0px 0px;\npadding:0px 0px 0px 0px;\n}\n<\/style>\n<div  class='flex_column av-av_one_half-6126cab7d8fab8d08143dd2dacdf673c av_one_half  avia-builder-el-15  el_after_av_layout_row  el_before_av_one_half  avia-builder-el-first  first flex_column_div av-zero-column-padding  '     ><p>\n<style type=\"text\/css\" data-created_by=\"avia_inline_auto\" id=\"style-css-av-av_textblock-821bdbcefc7b6037fa33c1ca5a1584d5\">\n#top .av_textblock_section.av-av_textblock-821bdbcefc7b6037fa33c1ca5a1584d5 .avia_textblock{\ncolor:#333333;\n}\n<\/style>\n<section  class='av_textblock_section av-av_textblock-821bdbcefc7b6037fa33c1ca5a1584d5 '   itemscope=\"itemscope\" itemtype=\"https:\/\/schema.org\/CreativeWork\" ><div class='avia_textblock av_inherit_color'  itemprop=\"text\" ><p><strong>EYE-TRACK vous permet de r\u00e9duire le co\u00fbt de s\u00e9curit\u00e9<\/strong><\/p>\n<p>Ce syst\u00e8me \u00e9lectronique de surveillance a \u00e9t\u00e9 cr\u00e9e dans le but de permettre \u00e0 tout centre sportif de mettre en s\u00e9curit\u00e9 leurs circuits<br \/>\nEYE-TRACK vous permets de sauver jusqu\u2019au 95% de l\u2019argent que normalement on d\u00e9pense pour surveiller les angles morts de la piste.<\/p>\n<\/div><\/section><br \/>\n\n<style type=\"text\/css\" data-created_by=\"avia_inline_auto\" id=\"style-css-av-av_textblock-821bdbcefc7b6037fa33c1ca5a1584d5\">\n#top .av_textblock_section.av-av_textblock-821bdbcefc7b6037fa33c1ca5a1584d5 .avia_textblock{\ncolor:#333333;\n}\n<\/style>\n<section  class='av_textblock_section av-av_textblock-821bdbcefc7b6037fa33c1ca5a1584d5 '   itemscope=\"itemscope\" itemtype=\"https:\/\/schema.org\/CreativeWork\" ><div class='avia_textblock av_inherit_color'  itemprop=\"text\" ><p><strong>EYE-TRACK METS EN VALEUR LE SPORT<\/strong><\/p>\n<p>Dans une <strong>zone s\u00e9curis\u00e9e<\/strong>, les athl\u00e8tes et les sportifs seront amen\u00e9s \u00e0 cultiver leur passion dans votre circuit et de d\u00e9velopper leur habilit\u00e9\u00a0!<\/p>\n<\/div><\/section><\/p><\/div>\n\n<style type=\"text\/css\" data-created_by=\"avia_inline_auto\" id=\"style-css-av-av_one_half-0aa7055fe62c3622faec82866afbaeb2\">\n.flex_column.av-av_one_half-0aa7055fe62c3622faec82866afbaeb2{\nborder-radius:0px 0px 0px 0px;\npadding:0px 0px 0px 0px;\n}\n<\/style>\n<div  class='flex_column av-av_one_half-0aa7055fe62c3622faec82866afbaeb2 av_one_half  avia-builder-el-18  el_after_av_one_half  avia-builder-el-last  flex_column_div av-zero-column-padding  '     ><style type=\"text\/css\" data-created_by=\"avia_inline_auto\" id=\"style-css-av-av_textblock-821bdbcefc7b6037fa33c1ca5a1584d5\">\n#top .av_textblock_section.av-av_textblock-821bdbcefc7b6037fa33c1ca5a1584d5 .avia_textblock{\ncolor:#333333;\n}\n<\/style>\n<section  class='av_textblock_section av-av_textblock-821bdbcefc7b6037fa33c1ca5a1584d5 '   itemscope=\"itemscope\" itemtype=\"https:\/\/schema.org\/CreativeWork\" ><div class='avia_textblock av_inherit_color'  itemprop=\"text\" ><p><strong>EYE-TRACK RENDS PLUS SIMPLE VOTRE TRAVAIL<\/strong><\/p>\n<p>EYE-TRACK permets au g\u00e9rant de surveiller ce qui se passe dans son circuit de motocross en temps r\u00e9el pendant les entrainement. En bref, notre syst\u00e8me \u00e9lectronique <strong>facilitera beaucoup la surveillance<\/strong> et la gestion des entrainements.<\/p>\n<p>En outre, EYE-TRACK aide le g\u00e9rant du circuit pour toute op\u00e9ration d\u2019entretien, en lui permettant aussi de regarder les vid\u00e9os du circuit m\u00eame pendant les jours de fermeture.<\/p>\n<\/div><\/section><\/div>\n","protected":false},"excerpt":{"rendered":"","protected":false},"author":13,"featured_media":0,"parent":0,"menu_order":0,"comment_status":"closed","ping_status":"closed","template":"","meta":{"footnotes":""},"class_list":["post-1467","page","type-page","status-publish","hentry"],"yoast_head":"<!-- This site is optimized with the Yoast SEO plugin v26.8 - https:\/\/yoast.com\/product\/yoast-seo-wordpress\/ -->\n<title>EYE-TRACK, il sistema elettronico di controllo per motocross<\/title>\n<meta name=\"description\" content=\"EYE-TRACK \u00e8 il sistema elettronico di controllo per piste di motocross e ogni altro circuito che monitora il tracciato e segnala ogni pericolo ai piloti.\" \/>\n<meta name=\"robots\" content=\"index, follow, max-snippet:-1, max-image-preview:large, max-video-preview:-1\" \/>\n<link rel=\"canonical\" href=\"https:\/\/eye-track-sport.com\/fr\/pourquoi-eye-track\/\" \/>\n<meta property=\"og:locale\" content=\"fr_FR\" \/>\n<meta property=\"og:type\" content=\"article\" \/>\n<meta property=\"og:title\" content=\"EYE-TRACK, il sistema elettronico di controllo per motocross\" \/>\n<meta property=\"og:description\" content=\"EYE-TRACK \u00e8 il sistema elettronico di controllo per piste di motocross e ogni altro circuito che monitora il tracciato e segnala ogni pericolo ai piloti.\" \/>\n<meta property=\"og:url\" content=\"https:\/\/eye-track-sport.com\/fr\/pourquoi-eye-track\/\" \/>\n<meta property=\"og:site_name\" content=\"EYE-TRACK\" \/>\n<meta property=\"article:modified_time\" content=\"2021-09-26T16:33:12+00:00\" \/>\n<meta name=\"twitter:card\" content=\"summary_large_image\" \/>\n<meta name=\"twitter:label1\" content=\"Dur\u00e9e de lecture estim\u00e9e\" \/>\n\t<meta name=\"twitter:data1\" content=\"6 minutes\" \/>\n<script type=\"application\/ld+json\" class=\"yoast-schema-graph\">{\"@context\":\"https:\/\/schema.org\",\"@graph\":[{\"@type\":\"WebPage\",\"@id\":\"https:\/\/eye-track-sport.com\/fr\/pourquoi-eye-track\/\",\"url\":\"https:\/\/eye-track-sport.com\/fr\/pourquoi-eye-track\/\",\"name\":\"EYE-TRACK, il sistema elettronico di controllo per motocross\",\"isPartOf\":{\"@id\":\"https:\/\/eye-track-sport.com\/en\/#website\"},\"datePublished\":\"2016-05-11T13:49:10+00:00\",\"dateModified\":\"2021-09-26T16:33:12+00:00\",\"description\":\"EYE-TRACK \u00e8 il sistema elettronico di controllo per piste di motocross e ogni altro circuito che monitora il tracciato e segnala ogni pericolo ai piloti.\",\"breadcrumb\":{\"@id\":\"https:\/\/eye-track-sport.com\/fr\/pourquoi-eye-track\/#breadcrumb\"},\"inLanguage\":\"fr-FR\",\"potentialAction\":[{\"@type\":\"ReadAction\",\"target\":[\"https:\/\/eye-track-sport.com\/fr\/pourquoi-eye-track\/\"]}]},{\"@type\":\"BreadcrumbList\",\"@id\":\"https:\/\/eye-track-sport.com\/fr\/pourquoi-eye-track\/#breadcrumb\",\"itemListElement\":[{\"@type\":\"ListItem\",\"position\":1,\"name\":\"Home\",\"item\":\"https:\/\/eye-track-sport.com\/fr\/welcome\/\"},{\"@type\":\"ListItem\",\"position\":2,\"name\":\"Pourquoi?\"}]},{\"@type\":\"WebSite\",\"@id\":\"https:\/\/eye-track-sport.com\/en\/#website\",\"url\":\"https:\/\/eye-track-sport.com\/en\/\",\"name\":\"EYE-TRACK\",\"description\":\"artificial intelligence for safety in sport facilities and public areas\",\"potentialAction\":[{\"@type\":\"SearchAction\",\"target\":{\"@type\":\"EntryPoint\",\"urlTemplate\":\"https:\/\/eye-track-sport.com\/en\/?s={search_term_string}\"},\"query-input\":{\"@type\":\"PropertyValueSpecification\",\"valueRequired\":true,\"valueName\":\"search_term_string\"}}],\"inLanguage\":\"fr-FR\"}]}<\/script>\n<!-- \/ Yoast SEO plugin. -->","yoast_head_json":{"title":"EYE-TRACK, il sistema elettronico di controllo per motocross","description":"EYE-TRACK \u00e8 il sistema elettronico di controllo per piste di motocross e ogni altro circuito che monitora il tracciato e segnala ogni pericolo ai piloti.","robots":{"index":"index","follow":"follow","max-snippet":"max-snippet:-1","max-image-preview":"max-image-preview:large","max-video-preview":"max-video-preview:-1"},"canonical":"https:\/\/eye-track-sport.com\/fr\/pourquoi-eye-track\/","og_locale":"fr_FR","og_type":"article","og_title":"EYE-TRACK, il sistema elettronico di controllo per motocross","og_description":"EYE-TRACK \u00e8 il sistema elettronico di controllo per piste di motocross e ogni altro circuito che monitora il tracciato e segnala ogni pericolo ai piloti.","og_url":"https:\/\/eye-track-sport.com\/fr\/pourquoi-eye-track\/","og_site_name":"EYE-TRACK","article_modified_time":"2021-09-26T16:33:12+00:00","twitter_card":"summary_large_image","twitter_misc":{"Dur\u00e9e de lecture estim\u00e9e":"6 minutes"},"schema":{"@context":"https:\/\/schema.org","@graph":[{"@type":"WebPage","@id":"https:\/\/eye-track-sport.com\/fr\/pourquoi-eye-track\/","url":"https:\/\/eye-track-sport.com\/fr\/pourquoi-eye-track\/","name":"EYE-TRACK, il sistema elettronico di controllo per motocross","isPartOf":{"@id":"https:\/\/eye-track-sport.com\/en\/#website"},"datePublished":"2016-05-11T13:49:10+00:00","dateModified":"2021-09-26T16:33:12+00:00","description":"EYE-TRACK \u00e8 il sistema elettronico di controllo per piste di motocross e ogni altro circuito che monitora il tracciato e segnala ogni pericolo ai piloti.","breadcrumb":{"@id":"https:\/\/eye-track-sport.com\/fr\/pourquoi-eye-track\/#breadcrumb"},"inLanguage":"fr-FR","potentialAction":[{"@type":"ReadAction","target":["https:\/\/eye-track-sport.com\/fr\/pourquoi-eye-track\/"]}]},{"@type":"BreadcrumbList","@id":"https:\/\/eye-track-sport.com\/fr\/pourquoi-eye-track\/#breadcrumb","itemListElement":[{"@type":"ListItem","position":1,"name":"Home","item":"https:\/\/eye-track-sport.com\/fr\/welcome\/"},{"@type":"ListItem","position":2,"name":"Pourquoi?"}]},{"@type":"WebSite","@id":"https:\/\/eye-track-sport.com\/en\/#website","url":"https:\/\/eye-track-sport.com\/en\/","name":"EYE-TRACK","description":"artificial intelligence for safety in sport facilities and public areas","potentialAction":[{"@type":"SearchAction","target":{"@type":"EntryPoint","urlTemplate":"https:\/\/eye-track-sport.com\/en\/?s={search_term_string}"},"query-input":{"@type":"PropertyValueSpecification","valueRequired":true,"valueName":"search_term_string"}}],"inLanguage":"fr-FR"}]}},"_links":{"self":[{"href":"https:\/\/eye-track-sport.com\/fr\/wp-json\/wp\/v2\/pages\/1467","targetHints":{"allow":["GET"]}}],"collection":[{"href":"https:\/\/eye-track-sport.com\/fr\/wp-json\/wp\/v2\/pages"}],"about":[{"href":"https:\/\/eye-track-sport.com\/fr\/wp-json\/wp\/v2\/types\/page"}],"author":[{"embeddable":true,"href":"https:\/\/eye-track-sport.com\/fr\/wp-json\/wp\/v2\/users\/13"}],"replies":[{"embeddable":true,"href":"https:\/\/eye-track-sport.com\/fr\/wp-json\/wp\/v2\/comments?post=1467"}],"version-history":[{"count":8,"href":"https:\/\/eye-track-sport.com\/fr\/wp-json\/wp\/v2\/pages\/1467\/revisions"}],"predecessor-version":[{"id":2371,"href":"https:\/\/eye-track-sport.com\/fr\/wp-json\/wp\/v2\/pages\/1467\/revisions\/2371"}],"wp:attachment":[{"href":"https:\/\/eye-track-sport.com\/fr\/wp-json\/wp\/v2\/media?parent=1467"}],"curies":[{"name":"wp","href":"https:\/\/api.w.org\/{rel}","templated":true}]}}